{"id":1347,"date":"2025-11-03T07:04:53","date_gmt":"2025-11-03T07:04:53","guid":{"rendered":"http:\/\/mc-fotodekor.hu\/?page_id=1347"},"modified":"2025-11-03T08:09:22","modified_gmt":"2025-11-03T08:09:22","slug":"eskuvo","status":"publish","type":"page","link":"http:\/\/mc-fotodekor.hu\/?page_id=1347","title":{"rendered":"Esk\u00fcv\u0151"},"content":{"rendered":"\n<p class=\"has-vivid-cyan-blue-color has-text-color has-link-color has-x-large-font-size wp-elements-7cb5980e4b0f5502eeeebf3677cbe014\"><a href=\"http:\/\/mc-fotodekor.hu\/?p=57\"><strong>Vissza az el\u0151z\u0151re<\/strong><\/a><\/p>\n\n\n\n<div class=\"wp-block-columns is-layout-flex wp-container-core-columns-is-layout-28f84493 wp-block-columns-is-layout-flex\">\n<div class=\"wp-block-column is-layout-flow wp-block-column-is-layout-flow\" style=\"flex-basis:100%\">\n<details class=\"wp-block-details is-layout-flow wp-block-details-is-layout-flow\"><summary><\/summary>\n<div class=\"wp-block-columns is-layout-flex wp-container-core-columns-is-layout-28f84493 wp-block-columns-is-layout-flex\">\n<div class=\"wp-block-column is-layout-flow wp-block-column-is-layout-flow\" style=\"flex-basis:100%\">\n<figure class=\"wp-block-image size-large is-style-default\"><img loading=\"lazy\" decoding=\"async\" width=\"1024\" height=\"683\" src=\"http:\/\/mc-fotodekor.hu\/wp-content\/uploads\/2024\/06\/DSC_0128_00128_00001-1024x683.jpg\" alt=\"\" class=\"wp-image-965\" srcset=\"http:\/\/mc-fotodekor.hu\/wp-content\/uploads\/2024\/06\/DSC_0128_00128_00001-1024x683.jpg 1024w, http:\/\/mc-fotodekor.hu\/wp-content\/uploads\/2024\/06\/DSC_0128_00128_00001-300x200.jpg 300w, http:\/\/mc-fotodekor.hu\/wp-content\/uploads\/2024\/06\/DSC_0128_00128_00001-768x512.jpg 768w, http:\/\/mc-fotodekor.hu\/wp-content\/uploads\/2024\/06\/DSC_0128_00128_00001-1536x1024.jpg 1536w, http:\/\/mc-fotodekor.hu\/wp-content\/uploads\/2024\/06\/DSC_0128_00128_00001-2048x1365.jpg 2048w\" sizes=\"auto, (max-width: 1024px) 100vw, 1024px\" \/><\/figure>\n<\/div>\n<\/div>\n<\/details>\n<\/div>\n<\/div>\n\n\n\n<figure class=\"wp-block-image aligncenter size-large\"><img loading=\"lazy\" decoding=\"async\" width=\"1024\" height=\"683\" src=\"http:\/\/mc-fotodekor.hu\/wp-content\/uploads\/2024\/06\/DSC_0127_00001_01-1024x683.jpg\" alt=\"\" class=\"wp-image-964\" srcset=\"http:\/\/mc-fotodekor.hu\/wp-content\/uploads\/2024\/06\/DSC_0127_00001_01-1024x683.jpg 1024w, http:\/\/mc-fotodekor.hu\/wp-content\/uploads\/2024\/06\/DSC_0127_00001_01-300x200.jpg 300w, http:\/\/mc-fotodekor.hu\/wp-content\/uploads\/2024\/06\/DSC_0127_00001_01-768x512.jpg 768w, http:\/\/mc-fotodekor.hu\/wp-content\/uploads\/2024\/06\/DSC_0127_00001_01-1536x1024.jpg 1536w, http:\/\/mc-fotodekor.hu\/wp-content\/uploads\/2024\/06\/DSC_0127_00001_01-2048x1366.jpg 2048w\" sizes=\"auto, (max-width: 1024px) 100vw, 1024px\" \/><\/figure>\n\n\n\n<figure class=\"wp-block-image aligncenter\"><img loading=\"lazy\" decoding=\"async\" width=\"1024\" height=\"683\" src=\"http:\/\/mc-fotodekor.hu\/wp-content\/uploads\/2024\/06\/DSC_0115_00001-1024x683.jpg\" alt=\"\" class=\"wp-image-963\" srcset=\"http:\/\/mc-fotodekor.hu\/wp-content\/uploads\/2024\/06\/DSC_0115_00001-1024x683.jpg 1024w, http:\/\/mc-fotodekor.hu\/wp-content\/uploads\/2024\/06\/DSC_0115_00001-300x200.jpg 300w, http:\/\/mc-fotodekor.hu\/wp-content\/uploads\/2024\/06\/DSC_0115_00001-768x512.jpg 768w, http:\/\/mc-fotodekor.hu\/wp-content\/uploads\/2024\/06\/DSC_0115_00001-1536x1024.jpg 1536w, http:\/\/mc-fotodekor.hu\/wp-content\/uploads\/2024\/06\/DSC_0115_00001-2048x1365.jpg 2048w\" sizes=\"auto, (max-width: 1024px) 100vw, 1024px\" \/><\/figure>\n\n\n\n<figure class=\"wp-block-image aligncenter size-large\"><img loading=\"lazy\" decoding=\"async\" width=\"1024\" height=\"683\" src=\"http:\/\/mc-fotodekor.hu\/wp-content\/uploads\/2024\/06\/DSC_0045_00001-1024x683.jpg\" alt=\"\" class=\"wp-image-962\" srcset=\"http:\/\/mc-fotodekor.hu\/wp-content\/uploads\/2024\/06\/DSC_0045_00001-1024x683.jpg 1024w, http:\/\/mc-fotodekor.hu\/wp-content\/uploads\/2024\/06\/DSC_0045_00001-300x200.jpg 300w, http:\/\/mc-fotodekor.hu\/wp-content\/uploads\/2024\/06\/DSC_0045_00001-768x512.jpg 768w, http:\/\/mc-fotodekor.hu\/wp-content\/uploads\/2024\/06\/DSC_0045_00001-1536x1024.jpg 1536w, http:\/\/mc-fotodekor.hu\/wp-content\/uploads\/2024\/06\/DSC_0045_00001-2048x1366.jpg 2048w\" sizes=\"auto, (max-width: 1024px) 100vw, 1024px\" \/><\/figure>\n\n\n\n<figure class=\"wp-block-image aligncenter size-large\"><img loading=\"lazy\" decoding=\"async\" width=\"1024\" height=\"683\" src=\"http:\/\/mc-fotodekor.hu\/wp-content\/uploads\/2024\/06\/DSC_0026_00001-1024x683.jpg\" alt=\"\" class=\"wp-image-961\" srcset=\"http:\/\/mc-fotodekor.hu\/wp-content\/uploads\/2024\/06\/DSC_0026_00001-1024x683.jpg 1024w, http:\/\/mc-fotodekor.hu\/wp-content\/uploads\/2024\/06\/DSC_0026_00001-300x200.jpg 300w, http:\/\/mc-fotodekor.hu\/wp-content\/uploads\/2024\/06\/DSC_0026_00001-768x512.jpg 768w, http:\/\/mc-fotodekor.hu\/wp-content\/uploads\/2024\/06\/DSC_0026_00001-1536x1024.jpg 1536w, http:\/\/mc-fotodekor.hu\/wp-content\/uploads\/2024\/06\/DSC_0026_00001-2048x1366.jpg 2048w\" sizes=\"auto, (max-width: 1024px) 100vw, 1024px\" \/><\/figure>\n\n\n\n<figure class=\"wp-block-image aligncenter size-large\"><img loading=\"lazy\" decoding=\"async\" width=\"1024\" height=\"683\" src=\"http:\/\/mc-fotodekor.hu\/wp-content\/uploads\/2024\/06\/DSC_0025_00001-1024x683.jpg\" alt=\"\" class=\"wp-image-960\" srcset=\"http:\/\/mc-fotodekor.hu\/wp-content\/uploads\/2024\/06\/DSC_0025_00001-1024x683.jpg 1024w, http:\/\/mc-fotodekor.hu\/wp-content\/uploads\/2024\/06\/DSC_0025_00001-300x200.jpg 300w, http:\/\/mc-fotodekor.hu\/wp-content\/uploads\/2024\/06\/DSC_0025_00001-768x512.jpg 768w, http:\/\/mc-fotodekor.hu\/wp-content\/uploads\/2024\/06\/DSC_0025_00001-1536x1024.jpg 1536w, http:\/\/mc-fotodekor.hu\/wp-content\/uploads\/2024\/06\/DSC_0025_00001-2048x1366.jpg 2048w\" sizes=\"auto, (max-width: 1024px) 100vw, 1024px\" \/><\/figure>\n\n\n\n<figure class=\"wp-block-image aligncenter size-large\"><img loading=\"lazy\" decoding=\"async\" width=\"1024\" height=\"683\" src=\"http:\/\/mc-fotodekor.hu\/wp-content\/uploads\/2024\/06\/DSC_0010_00010_00001-1024x683.jpg\" alt=\"\" class=\"wp-image-959\" srcset=\"http:\/\/mc-fotodekor.hu\/wp-content\/uploads\/2024\/06\/DSC_0010_00010_00001-1024x683.jpg 1024w, http:\/\/mc-fotodekor.hu\/wp-content\/uploads\/2024\/06\/DSC_0010_00010_00001-300x200.jpg 300w, http:\/\/mc-fotodekor.hu\/wp-content\/uploads\/2024\/06\/DSC_0010_00010_00001-768x512.jpg 768w, http:\/\/mc-fotodekor.hu\/wp-content\/uploads\/2024\/06\/DSC_0010_00010_00001-1536x1025.jpg 1536w, http:\/\/mc-fotodekor.hu\/wp-content\/uploads\/2024\/06\/DSC_0010_00010_00001.jpg 1664w\" sizes=\"auto, (max-width: 1024px) 100vw, 1024px\" \/><\/figure>\n\n\n\n<figure class=\"wp-block-image aligncenter size-large\"><img loading=\"lazy\" decoding=\"async\" width=\"1024\" height=\"683\" src=\"http:\/\/mc-fotodekor.hu\/wp-content\/uploads\/2024\/06\/DSC_0006_00001-1024x683.jpg\" alt=\"\" class=\"wp-image-958\" srcset=\"http:\/\/mc-fotodekor.hu\/wp-content\/uploads\/2024\/06\/DSC_0006_00001-1024x683.jpg 1024w, http:\/\/mc-fotodekor.hu\/wp-content\/uploads\/2024\/06\/DSC_0006_00001-300x200.jpg 300w, http:\/\/mc-fotodekor.hu\/wp-content\/uploads\/2024\/06\/DSC_0006_00001-768x512.jpg 768w, http:\/\/mc-fotodekor.hu\/wp-content\/uploads\/2024\/06\/DSC_0006_00001-1536x1024.jpg 1536w, http:\/\/mc-fotodekor.hu\/wp-content\/uploads\/2024\/06\/DSC_0006_00001-2048x1365.jpg 2048w\" sizes=\"auto, (max-width: 1024px) 100vw, 1024px\" \/><\/figure>\n\n\n\n<p class=\"has-vivid-cyan-blue-color has-text-color has-link-color has-x-large-font-size wp-elements-7cb5980e4b0f5502eeeebf3677cbe014\"><a href=\"http:\/\/mc-fotodekor.hu\/?p=57\"><strong>Vissza az el\u0151z\u0151re<\/strong><\/a><\/p>\n\n\n\n<p><\/p>\n","protected":false},"excerpt":{"rendered":"<p>Vissza az el\u0151z\u0151re Vissza az el\u0151z\u0151re<\/p>\n","protected":false},"author":1,"featured_media":0,"parent":0,"menu_order":0,"comment_status":"closed","ping_status":"closed","template":"","meta":{"footnotes":""},"class_list":["post-1347","page","type-page","status-publish","hentry"],"_links":{"self":[{"href":"http:\/\/mc-fotodekor.hu\/index.php?rest_route=\/wp\/v2\/pages\/1347","targetHints":{"allow":["GET"]}}],"collection":[{"href":"http:\/\/mc-fotodekor.hu\/index.php?rest_route=\/wp\/v2\/pages"}],"about":[{"href":"http:\/\/mc-fotodekor.hu\/index.php?rest_route=\/wp\/v2\/types\/page"}],"author":[{"embeddable":true,"href":"http:\/\/mc-fotodekor.hu\/index.php?rest_route=\/wp\/v2\/users\/1"}],"replies":[{"embeddable":true,"href":"http:\/\/mc-fotodekor.hu\/index.php?rest_route=%2Fwp%2Fv2%2Fcomments&post=1347"}],"version-history":[{"count":5,"href":"http:\/\/mc-fotodekor.hu\/index.php?rest_route=\/wp\/v2\/pages\/1347\/revisions"}],"predecessor-version":[{"id":1394,"href":"http:\/\/mc-fotodekor.hu\/index.php?rest_route=\/wp\/v2\/pages\/1347\/revisions\/1394"}],"wp:attachment":[{"href":"http:\/\/mc-fotodekor.hu\/index.php?rest_route=%2Fwp%2Fv2%2Fmedia&parent=1347"}],"curies":[{"name":"wp","href":"https:\/\/api.w.org\/{rel}","templated":true}]}}