{"id":1367,"date":"2025-11-03T07:37:03","date_gmt":"2025-11-03T07:37:03","guid":{"rendered":"http:\/\/mc-fotodekor.hu\/?page_id=1367"},"modified":"2025-11-03T08:11:18","modified_gmt":"2025-11-03T08:11:18","slug":"1367-2","status":"publish","type":"page","link":"http:\/\/mc-fotodekor.hu\/?page_id=1367","title":{"rendered":"V\u00e1ros erd\u0151"},"content":{"rendered":"\n<p class=\"has-vivid-cyan-blue-color has-text-color has-link-color has-x-large-font-size wp-elements-7cb5980e4b0f5502eeeebf3677cbe014\"><a href=\"http:\/\/mc-fotodekor.hu\/?p=57\"><strong>Vissza az el\u0151z\u0151re<\/strong><\/a><\/p>\n\n\n\n<figure class=\"wp-block-image aligncenter size-large\"><img loading=\"lazy\" decoding=\"async\" width=\"1024\" height=\"683\" src=\"http:\/\/mc-fotodekor.hu\/wp-content\/uploads\/2022\/03\/DSC_4554-1-1024x683.jpg\" alt=\"\" class=\"wp-image-1317\" srcset=\"http:\/\/mc-fotodekor.hu\/wp-content\/uploads\/2022\/03\/DSC_4554-1-1024x683.jpg 1024w, http:\/\/mc-fotodekor.hu\/wp-content\/uploads\/2022\/03\/DSC_4554-1-300x200.jpg 300w, http:\/\/mc-fotodekor.hu\/wp-content\/uploads\/2022\/03\/DSC_4554-1-768x512.jpg 768w, http:\/\/mc-fotodekor.hu\/wp-content\/uploads\/2022\/03\/DSC_4554-1-1536x1025.jpg 1536w, http:\/\/mc-fotodekor.hu\/wp-content\/uploads\/2022\/03\/DSC_4554-1-2048x1367.jpg 2048w\" sizes=\"auto, (max-width: 1024px) 100vw, 1024px\" \/><\/figure>\n\n\n\n<figure class=\"wp-block-image aligncenter size-large\"><img loading=\"lazy\" decoding=\"async\" width=\"683\" height=\"1024\" src=\"http:\/\/mc-fotodekor.hu\/wp-content\/uploads\/2022\/03\/DSC_4513-1-683x1024.jpg\" alt=\"\" class=\"wp-image-1316\" srcset=\"http:\/\/mc-fotodekor.hu\/wp-content\/uploads\/2022\/03\/DSC_4513-1-683x1024.jpg 683w, http:\/\/mc-fotodekor.hu\/wp-content\/uploads\/2022\/03\/DSC_4513-1-200x300.jpg 200w, http:\/\/mc-fotodekor.hu\/wp-content\/uploads\/2022\/03\/DSC_4513-1-768x1151.jpg 768w, http:\/\/mc-fotodekor.hu\/wp-content\/uploads\/2022\/03\/DSC_4513-1-1025x1536.jpg 1025w, http:\/\/mc-fotodekor.hu\/wp-content\/uploads\/2022\/03\/DSC_4513-1-1367x2048.jpg 1367w, http:\/\/mc-fotodekor.hu\/wp-content\/uploads\/2022\/03\/DSC_4513-1-scaled.jpg 1708w\" sizes=\"auto, (max-width: 683px) 100vw, 683px\" \/><\/figure>\n\n\n\n<figure class=\"wp-block-image aligncenter size-large\"><img loading=\"lazy\" decoding=\"async\" width=\"683\" height=\"1024\" src=\"http:\/\/mc-fotodekor.hu\/wp-content\/uploads\/2022\/03\/DSC_4497-1-683x1024.jpg\" alt=\"\" class=\"wp-image-1315\" srcset=\"http:\/\/mc-fotodekor.hu\/wp-content\/uploads\/2022\/03\/DSC_4497-1-683x1024.jpg 683w, http:\/\/mc-fotodekor.hu\/wp-content\/uploads\/2022\/03\/DSC_4497-1-200x300.jpg 200w, http:\/\/mc-fotodekor.hu\/wp-content\/uploads\/2022\/03\/DSC_4497-1-768x1152.jpg 768w, http:\/\/mc-fotodekor.hu\/wp-content\/uploads\/2022\/03\/DSC_4497-1-1024x1536.jpg 1024w, http:\/\/mc-fotodekor.hu\/wp-content\/uploads\/2022\/03\/DSC_4497-1-1365x2048.jpg 1365w, http:\/\/mc-fotodekor.hu\/wp-content\/uploads\/2022\/03\/DSC_4497-1-scaled.jpg 1707w\" sizes=\"auto, (max-width: 683px) 100vw, 683px\" \/><\/figure>\n\n\n\n<figure class=\"wp-block-image aligncenter size-large\"><img loading=\"lazy\" decoding=\"async\" width=\"683\" height=\"1024\" src=\"http:\/\/mc-fotodekor.hu\/wp-content\/uploads\/2022\/03\/DSC_4488-1-683x1024.jpg\" alt=\"\" class=\"wp-image-1314\" srcset=\"http:\/\/mc-fotodekor.hu\/wp-content\/uploads\/2022\/03\/DSC_4488-1-683x1024.jpg 683w, http:\/\/mc-fotodekor.hu\/wp-content\/uploads\/2022\/03\/DSC_4488-1-200x300.jpg 200w, http:\/\/mc-fotodekor.hu\/wp-content\/uploads\/2022\/03\/DSC_4488-1-768x1152.jpg 768w, http:\/\/mc-fotodekor.hu\/wp-content\/uploads\/2022\/03\/DSC_4488-1-1024x1536.jpg 1024w, http:\/\/mc-fotodekor.hu\/wp-content\/uploads\/2022\/03\/DSC_4488-1-1365x2048.jpg 1365w, http:\/\/mc-fotodekor.hu\/wp-content\/uploads\/2022\/03\/DSC_4488-1-scaled.jpg 1707w\" sizes=\"auto, (max-width: 683px) 100vw, 683px\" \/><\/figure>\n\n\n\n<figure class=\"wp-block-image aligncenter size-large\"><img loading=\"lazy\" decoding=\"async\" width=\"1024\" height=\"683\" src=\"http:\/\/mc-fotodekor.hu\/wp-content\/uploads\/2022\/03\/DSC_4485-1-1024x683.jpg\" alt=\"\" class=\"wp-image-1313\" srcset=\"http:\/\/mc-fotodekor.hu\/wp-content\/uploads\/2022\/03\/DSC_4485-1-1024x683.jpg 1024w, http:\/\/mc-fotodekor.hu\/wp-content\/uploads\/2022\/03\/DSC_4485-1-300x200.jpg 300w, http:\/\/mc-fotodekor.hu\/wp-content\/uploads\/2022\/03\/DSC_4485-1-768x512.jpg 768w, http:\/\/mc-fotodekor.hu\/wp-content\/uploads\/2022\/03\/DSC_4485-1-1536x1024.jpg 1536w, http:\/\/mc-fotodekor.hu\/wp-content\/uploads\/2022\/03\/DSC_4485-1-2048x1365.jpg 2048w\" sizes=\"auto, (max-width: 1024px) 100vw, 1024px\" \/><\/figure>\n\n\n\n<figure class=\"wp-block-image aligncenter size-large\"><img loading=\"lazy\" decoding=\"async\" width=\"1024\" height=\"683\" src=\"http:\/\/mc-fotodekor.hu\/wp-content\/uploads\/2022\/03\/DSC_4449j-2-1024x683.jpg\" alt=\"\" class=\"wp-image-1312\" srcset=\"http:\/\/mc-fotodekor.hu\/wp-content\/uploads\/2022\/03\/DSC_4449j-2-1024x683.jpg 1024w, http:\/\/mc-fotodekor.hu\/wp-content\/uploads\/2022\/03\/DSC_4449j-2-300x200.jpg 300w, http:\/\/mc-fotodekor.hu\/wp-content\/uploads\/2022\/03\/DSC_4449j-2-768x512.jpg 768w, http:\/\/mc-fotodekor.hu\/wp-content\/uploads\/2022\/03\/DSC_4449j-2-1536x1024.jpg 1536w, http:\/\/mc-fotodekor.hu\/wp-content\/uploads\/2022\/03\/DSC_4449j-2-2048x1365.jpg 2048w\" sizes=\"auto, (max-width: 1024px) 100vw, 1024px\" \/><\/figure>\n\n\n\n<p class=\"has-vivid-cyan-blue-color has-text-color has-link-color has-x-large-font-size wp-elements-7cb5980e4b0f5502eeeebf3677cbe014\"><a href=\"http:\/\/mc-fotodekor.hu\/?p=57\"><strong>Vissza az el\u0151z\u0151re<\/strong><\/a><\/p>\n\n\n\n<p><\/p>\n","protected":false},"excerpt":{"rendered":"<p>Vissza az el\u0151z\u0151re Vissza az el\u0151z\u0151re<\/p>\n","protected":false},"author":1,"featured_media":0,"parent":0,"menu_order":0,"comment_status":"closed","ping_status":"closed","template":"","meta":{"footnotes":""},"class_list":["post-1367","page","type-page","status-publish","hentry"],"_links":{"self":[{"href":"http:\/\/mc-fotodekor.hu\/index.php?rest_route=\/wp\/v2\/pages\/1367","targetHints":{"allow":["GET"]}}],"collection":[{"href":"http:\/\/mc-fotodekor.hu\/index.php?rest_route=\/wp\/v2\/pages"}],"about":[{"href":"http:\/\/mc-fotodekor.hu\/index.php?rest_route=\/wp\/v2\/types\/page"}],"author":[{"embeddable":true,"href":"http:\/\/mc-fotodekor.hu\/index.php?rest_route=\/wp\/v2\/users\/1"}],"replies":[{"embeddable":true,"href":"http:\/\/mc-fotodekor.hu\/index.php?rest_route=%2Fwp%2Fv2%2Fcomments&post=1367"}],"version-history":[{"count":3,"href":"http:\/\/mc-fotodekor.hu\/index.php?rest_route=\/wp\/v2\/pages\/1367\/revisions"}],"predecessor-version":[{"id":1397,"href":"http:\/\/mc-fotodekor.hu\/index.php?rest_route=\/wp\/v2\/pages\/1367\/revisions\/1397"}],"wp:attachment":[{"href":"http:\/\/mc-fotodekor.hu\/index.php?rest_route=%2Fwp%2Fv2%2Fmedia&parent=1367"}],"curies":[{"name":"wp","href":"https:\/\/api.w.org\/{rel}","templated":true}]}}