{"id":1372,"date":"2025-11-03T07:45:46","date_gmt":"2025-11-03T07:45:46","guid":{"rendered":"http:\/\/mc-fotodekor.hu\/?page_id=1372"},"modified":"2025-11-03T08:12:04","modified_gmt":"2025-11-03T08:12:04","slug":"1372-2","status":"publish","type":"page","link":"http:\/\/mc-fotodekor.hu\/?page_id=1372","title":{"rendered":"\u0150szi gyerekkel"},"content":{"rendered":"\n<p class=\"has-vivid-cyan-blue-color has-text-color has-link-color has-x-large-font-size wp-elements-7cb5980e4b0f5502eeeebf3677cbe014\"><a href=\"http:\/\/mc-fotodekor.hu\/?p=57\"><strong>Vissza az el\u0151z\u0151re<\/strong><\/a><\/p>\n\n\n\n<figure class=\"wp-block-image aligncenter size-large\"><img loading=\"lazy\" decoding=\"async\" width=\"1024\" height=\"683\" src=\"http:\/\/mc-fotodekor.hu\/wp-content\/uploads\/2022\/03\/DSC_4714-2-1024x683.jpg\" alt=\"\" class=\"wp-image-1341\" srcset=\"http:\/\/mc-fotodekor.hu\/wp-content\/uploads\/2022\/03\/DSC_4714-2-1024x683.jpg 1024w, http:\/\/mc-fotodekor.hu\/wp-content\/uploads\/2022\/03\/DSC_4714-2-300x200.jpg 300w, http:\/\/mc-fotodekor.hu\/wp-content\/uploads\/2022\/03\/DSC_4714-2-768x512.jpg 768w, http:\/\/mc-fotodekor.hu\/wp-content\/uploads\/2022\/03\/DSC_4714-2-1536x1024.jpg 1536w, http:\/\/mc-fotodekor.hu\/wp-content\/uploads\/2022\/03\/DSC_4714-2-2048x1365.jpg 2048w\" sizes=\"auto, (max-width: 1024px) 100vw, 1024px\" \/><\/figure>\n\n\n\n<figure class=\"wp-block-image aligncenter size-large\"><img loading=\"lazy\" decoding=\"async\" width=\"1024\" height=\"683\" src=\"http:\/\/mc-fotodekor.hu\/wp-content\/uploads\/2022\/03\/DSC_4701-2-vagott-1024x683.jpg\" alt=\"\" class=\"wp-image-1340\" srcset=\"http:\/\/mc-fotodekor.hu\/wp-content\/uploads\/2022\/03\/DSC_4701-2-vagott-1024x683.jpg 1024w, http:\/\/mc-fotodekor.hu\/wp-content\/uploads\/2022\/03\/DSC_4701-2-vagott-300x200.jpg 300w, http:\/\/mc-fotodekor.hu\/wp-content\/uploads\/2022\/03\/DSC_4701-2-vagott-768x512.jpg 768w, http:\/\/mc-fotodekor.hu\/wp-content\/uploads\/2022\/03\/DSC_4701-2-vagott-1536x1024.jpg 1536w, http:\/\/mc-fotodekor.hu\/wp-content\/uploads\/2022\/03\/DSC_4701-2-vagott-2048x1365.jpg 2048w\" sizes=\"auto, (max-width: 1024px) 100vw, 1024px\" \/><\/figure>\n\n\n\n<figure class=\"wp-block-image aligncenter size-large\"><img loading=\"lazy\" decoding=\"async\" width=\"819\" height=\"1024\" src=\"http:\/\/mc-fotodekor.hu\/wp-content\/uploads\/2022\/03\/DSC_4693-2vagott-819x1024.jpg\" alt=\"\" class=\"wp-image-1339\" srcset=\"http:\/\/mc-fotodekor.hu\/wp-content\/uploads\/2022\/03\/DSC_4693-2vagott-819x1024.jpg 819w, http:\/\/mc-fotodekor.hu\/wp-content\/uploads\/2022\/03\/DSC_4693-2vagott-240x300.jpg 240w, http:\/\/mc-fotodekor.hu\/wp-content\/uploads\/2022\/03\/DSC_4693-2vagott-768x960.jpg 768w, http:\/\/mc-fotodekor.hu\/wp-content\/uploads\/2022\/03\/DSC_4693-2vagott-1229x1536.jpg 1229w, http:\/\/mc-fotodekor.hu\/wp-content\/uploads\/2022\/03\/DSC_4693-2vagott-1638x2048.jpg 1638w, http:\/\/mc-fotodekor.hu\/wp-content\/uploads\/2022\/03\/DSC_4693-2vagott-scaled.jpg 2048w\" sizes=\"auto, (max-width: 819px) 100vw, 819px\" \/><\/figure>\n\n\n\n<figure class=\"wp-block-image aligncenter size-large\"><img loading=\"lazy\" decoding=\"async\" width=\"819\" height=\"1024\" src=\"http:\/\/mc-fotodekor.hu\/wp-content\/uploads\/2022\/03\/DSC_4687-2-vagott-819x1024.jpg\" alt=\"\" class=\"wp-image-1338\" srcset=\"http:\/\/mc-fotodekor.hu\/wp-content\/uploads\/2022\/03\/DSC_4687-2-vagott-819x1024.jpg 819w, http:\/\/mc-fotodekor.hu\/wp-content\/uploads\/2022\/03\/DSC_4687-2-vagott-240x300.jpg 240w, http:\/\/mc-fotodekor.hu\/wp-content\/uploads\/2022\/03\/DSC_4687-2-vagott-768x960.jpg 768w, http:\/\/mc-fotodekor.hu\/wp-content\/uploads\/2022\/03\/DSC_4687-2-vagott-1229x1536.jpg 1229w, http:\/\/mc-fotodekor.hu\/wp-content\/uploads\/2022\/03\/DSC_4687-2-vagott-1638x2048.jpg 1638w, http:\/\/mc-fotodekor.hu\/wp-content\/uploads\/2022\/03\/DSC_4687-2-vagott-scaled.jpg 2048w\" sizes=\"auto, (max-width: 819px) 100vw, 819px\" \/><\/figure>\n\n\n\n<figure class=\"wp-block-image aligncenter size-large\"><img loading=\"lazy\" decoding=\"async\" width=\"1024\" height=\"683\" src=\"http:\/\/mc-fotodekor.hu\/wp-content\/uploads\/2022\/03\/DSC_4682-2-vagott-1024x683.jpg\" alt=\"\" class=\"wp-image-1337\" srcset=\"http:\/\/mc-fotodekor.hu\/wp-content\/uploads\/2022\/03\/DSC_4682-2-vagott-1024x683.jpg 1024w, http:\/\/mc-fotodekor.hu\/wp-content\/uploads\/2022\/03\/DSC_4682-2-vagott-300x200.jpg 300w, http:\/\/mc-fotodekor.hu\/wp-content\/uploads\/2022\/03\/DSC_4682-2-vagott-768x512.jpg 768w, http:\/\/mc-fotodekor.hu\/wp-content\/uploads\/2022\/03\/DSC_4682-2-vagott-1536x1024.jpg 1536w, http:\/\/mc-fotodekor.hu\/wp-content\/uploads\/2022\/03\/DSC_4682-2-vagott-2048x1366.jpg 2048w\" sizes=\"auto, (max-width: 1024px) 100vw, 1024px\" \/><\/figure>\n\n\n\n<figure class=\"wp-block-image aligncenter size-large\"><img loading=\"lazy\" decoding=\"async\" width=\"819\" height=\"1024\" src=\"http:\/\/mc-fotodekor.hu\/wp-content\/uploads\/2022\/03\/DSC_4668-2-vagott-819x1024.jpg\" alt=\"\" class=\"wp-image-1336\" srcset=\"http:\/\/mc-fotodekor.hu\/wp-content\/uploads\/2022\/03\/DSC_4668-2-vagott-819x1024.jpg 819w, http:\/\/mc-fotodekor.hu\/wp-content\/uploads\/2022\/03\/DSC_4668-2-vagott-240x300.jpg 240w, http:\/\/mc-fotodekor.hu\/wp-content\/uploads\/2022\/03\/DSC_4668-2-vagott-768x960.jpg 768w, http:\/\/mc-fotodekor.hu\/wp-content\/uploads\/2022\/03\/DSC_4668-2-vagott-1229x1536.jpg 1229w, http:\/\/mc-fotodekor.hu\/wp-content\/uploads\/2022\/03\/DSC_4668-2-vagott-1638x2048.jpg 1638w, http:\/\/mc-fotodekor.hu\/wp-content\/uploads\/2022\/03\/DSC_4668-2-vagott-scaled.jpg 2048w\" sizes=\"auto, (max-width: 819px) 100vw, 819px\" \/><\/figure>\n\n\n\n<figure class=\"wp-block-image aligncenter size-large\"><img loading=\"lazy\" decoding=\"async\" width=\"819\" height=\"1024\" src=\"http:\/\/mc-fotodekor.hu\/wp-content\/uploads\/2022\/03\/DSC_4658-2-vagott-819x1024.jpg\" alt=\"\" class=\"wp-image-1335\" srcset=\"http:\/\/mc-fotodekor.hu\/wp-content\/uploads\/2022\/03\/DSC_4658-2-vagott-819x1024.jpg 819w, http:\/\/mc-fotodekor.hu\/wp-content\/uploads\/2022\/03\/DSC_4658-2-vagott-240x300.jpg 240w, http:\/\/mc-fotodekor.hu\/wp-content\/uploads\/2022\/03\/DSC_4658-2-vagott-768x960.jpg 768w, http:\/\/mc-fotodekor.hu\/wp-content\/uploads\/2022\/03\/DSC_4658-2-vagott-1229x1536.jpg 1229w, http:\/\/mc-fotodekor.hu\/wp-content\/uploads\/2022\/03\/DSC_4658-2-vagott-1639x2048.jpg 1639w\" sizes=\"auto, (max-width: 819px) 100vw, 819px\" \/><\/figure>\n\n\n\n<figure class=\"wp-block-image aligncenter size-large\"><img loading=\"lazy\" decoding=\"async\" width=\"819\" height=\"1024\" src=\"http:\/\/mc-fotodekor.hu\/wp-content\/uploads\/2022\/03\/DSC_4637-2-vagott-819x1024.jpg\" alt=\"\" class=\"wp-image-1334\" srcset=\"http:\/\/mc-fotodekor.hu\/wp-content\/uploads\/2022\/03\/DSC_4637-2-vagott-819x1024.jpg 819w, http:\/\/mc-fotodekor.hu\/wp-content\/uploads\/2022\/03\/DSC_4637-2-vagott-240x300.jpg 240w, http:\/\/mc-fotodekor.hu\/wp-content\/uploads\/2022\/03\/DSC_4637-2-vagott-768x960.jpg 768w, http:\/\/mc-fotodekor.hu\/wp-content\/uploads\/2022\/03\/DSC_4637-2-vagott-1229x1536.jpg 1229w, http:\/\/mc-fotodekor.hu\/wp-content\/uploads\/2022\/03\/DSC_4637-2-vagott-1638x2048.jpg 1638w, http:\/\/mc-fotodekor.hu\/wp-content\/uploads\/2022\/03\/DSC_4637-2-vagott-scaled.jpg 2048w\" sizes=\"auto, (max-width: 819px) 100vw, 819px\" \/><\/figure>\n\n\n\n<figure class=\"wp-block-image aligncenter size-large\"><img loading=\"lazy\" decoding=\"async\" width=\"819\" height=\"1024\" src=\"http:\/\/mc-fotodekor.hu\/wp-content\/uploads\/2022\/03\/DSC_4625-2-vagott-819x1024.jpg\" alt=\"\" class=\"wp-image-1333\" srcset=\"http:\/\/mc-fotodekor.hu\/wp-content\/uploads\/2022\/03\/DSC_4625-2-vagott-819x1024.jpg 819w, http:\/\/mc-fotodekor.hu\/wp-content\/uploads\/2022\/03\/DSC_4625-2-vagott-240x300.jpg 240w, http:\/\/mc-fotodekor.hu\/wp-content\/uploads\/2022\/03\/DSC_4625-2-vagott-768x960.jpg 768w, http:\/\/mc-fotodekor.hu\/wp-content\/uploads\/2022\/03\/DSC_4625-2-vagott-1229x1536.jpg 1229w, http:\/\/mc-fotodekor.hu\/wp-content\/uploads\/2022\/03\/DSC_4625-2-vagott-1638x2048.jpg 1638w, http:\/\/mc-fotodekor.hu\/wp-content\/uploads\/2022\/03\/DSC_4625-2-vagott-scaled.jpg 2048w\" sizes=\"auto, (max-width: 819px) 100vw, 819px\" \/><\/figure>\n\n\n\n<figure class=\"wp-block-image aligncenter size-large\"><img loading=\"lazy\" decoding=\"async\" width=\"1024\" height=\"683\" src=\"http:\/\/mc-fotodekor.hu\/wp-content\/uploads\/2022\/03\/DSC_4601-2-vagott-1024x683.jpg\" alt=\"\" class=\"wp-image-1331\" srcset=\"http:\/\/mc-fotodekor.hu\/wp-content\/uploads\/2022\/03\/DSC_4601-2-vagott-1024x683.jpg 1024w, http:\/\/mc-fotodekor.hu\/wp-content\/uploads\/2022\/03\/DSC_4601-2-vagott-300x200.jpg 300w, http:\/\/mc-fotodekor.hu\/wp-content\/uploads\/2022\/03\/DSC_4601-2-vagott-768x512.jpg 768w, http:\/\/mc-fotodekor.hu\/wp-content\/uploads\/2022\/03\/DSC_4601-2-vagott-1536x1024.jpg 1536w, http:\/\/mc-fotodekor.hu\/wp-content\/uploads\/2022\/03\/DSC_4601-2-vagott-2048x1365.jpg 2048w\" sizes=\"auto, (max-width: 1024px) 100vw, 1024px\" \/><\/figure>\n\n\n\n<figure class=\"wp-block-image aligncenter size-large\"><img loading=\"lazy\" decoding=\"async\" width=\"1024\" height=\"683\" src=\"http:\/\/mc-fotodekor.hu\/wp-content\/uploads\/2022\/03\/DSC_4575-2-vagott-1024x683.jpg\" alt=\"\" class=\"wp-image-1330\" srcset=\"http:\/\/mc-fotodekor.hu\/wp-content\/uploads\/2022\/03\/DSC_4575-2-vagott-1024x683.jpg 1024w, http:\/\/mc-fotodekor.hu\/wp-content\/uploads\/2022\/03\/DSC_4575-2-vagott-300x200.jpg 300w, http:\/\/mc-fotodekor.hu\/wp-content\/uploads\/2022\/03\/DSC_4575-2-vagott-768x512.jpg 768w, http:\/\/mc-fotodekor.hu\/wp-content\/uploads\/2022\/03\/DSC_4575-2-vagott-1536x1024.jpg 1536w, http:\/\/mc-fotodekor.hu\/wp-content\/uploads\/2022\/03\/DSC_4575-2-vagott-2048x1365.jpg 2048w\" sizes=\"auto, (max-width: 1024px) 100vw, 1024px\" \/><\/figure>\n\n\n\n<p class=\"has-vivid-cyan-blue-color has-text-color has-link-color has-x-large-font-size wp-elements-7cb5980e4b0f5502eeeebf3677cbe014\"><a href=\"http:\/\/mc-fotodekor.hu\/?p=57\"><strong>Vissza az el\u0151z\u0151re<\/strong><\/a><\/p>\n","protected":false},"excerpt":{"rendered":"<p>Vissza az el\u0151z\u0151re Vissza az el\u0151z\u0151re<\/p>\n","protected":false},"author":1,"featured_media":0,"parent":0,"menu_order":0,"comment_status":"closed","ping_status":"closed","template":"","meta":{"footnotes":""},"class_list":["post-1372","page","type-page","status-publish","hentry"],"_links":{"self":[{"href":"http:\/\/mc-fotodekor.hu\/index.php?rest_route=\/wp\/v2\/pages\/1372","targetHints":{"allow":["GET"]}}],"collection":[{"href":"http:\/\/mc-fotodekor.hu\/index.php?rest_route=\/wp\/v2\/pages"}],"about":[{"href":"http:\/\/mc-fotodekor.hu\/index.php?rest_route=\/wp\/v2\/types\/page"}],"author":[{"embeddable":true,"href":"http:\/\/mc-fotodekor.hu\/index.php?rest_route=\/wp\/v2\/users\/1"}],"replies":[{"embeddable":true,"href":"http:\/\/mc-fotodekor.hu\/index.php?rest_route=%2Fwp%2Fv2%2Fcomments&post=1372"}],"version-history":[{"count":2,"href":"http:\/\/mc-fotodekor.hu\/index.php?rest_route=\/wp\/v2\/pages\/1372\/revisions"}],"predecessor-version":[{"id":1398,"href":"http:\/\/mc-fotodekor.hu\/index.php?rest_route=\/wp\/v2\/pages\/1372\/revisions\/1398"}],"wp:attachment":[{"href":"http:\/\/mc-fotodekor.hu\/index.php?rest_route=%2Fwp%2Fv2%2Fmedia&parent=1372"}],"curies":[{"name":"wp","href":"https:\/\/api.w.org\/{rel}","templated":true}]}}