{"id":1383,"date":"2025-11-03T07:58:34","date_gmt":"2025-11-03T07:58:34","guid":{"rendered":"http:\/\/mc-fotodekor.hu\/?page_id=1383"},"modified":"2025-11-03T08:12:48","modified_gmt":"2025-11-03T08:12:48","slug":"1383-2","status":"publish","type":"page","link":"http:\/\/mc-fotodekor.hu\/?page_id=1383","title":{"rendered":"\u0150szi m\u00e9g"},"content":{"rendered":"\n<p class=\"has-vivid-cyan-blue-color has-text-color has-link-color has-x-large-font-size wp-elements-7cb5980e4b0f5502eeeebf3677cbe014\"><a href=\"http:\/\/mc-fotodekor.hu\/?p=57\"><strong>Vissza az el\u0151z\u0151re<\/strong><\/a><\/p>\n\n\n\n<div class=\"wp-block-columns are-vertically-aligned-top is-layout-flex wp-container-core-columns-is-layout-28f84493 wp-block-columns-is-layout-flex\">\n<div class=\"wp-block-column is-vertically-aligned-top is-layout-flow wp-block-column-is-layout-flow\" style=\"flex-basis:100%\">\n<figure class=\"wp-block-image aligncenter size-large\"><img loading=\"lazy\" decoding=\"async\" width=\"683\" height=\"1024\" src=\"http:\/\/mc-fotodekor.hu\/wp-content\/uploads\/2025\/11\/DSC_4722-683x1024.jpg\" alt=\"\" class=\"wp-image-1386\" srcset=\"http:\/\/mc-fotodekor.hu\/wp-content\/uploads\/2025\/11\/DSC_4722-683x1024.jpg 683w, http:\/\/mc-fotodekor.hu\/wp-content\/uploads\/2025\/11\/DSC_4722-200x300.jpg 200w, http:\/\/mc-fotodekor.hu\/wp-content\/uploads\/2025\/11\/DSC_4722-768x1151.jpg 768w, http:\/\/mc-fotodekor.hu\/wp-content\/uploads\/2025\/11\/DSC_4722-1025x1536.jpg 1025w, http:\/\/mc-fotodekor.hu\/wp-content\/uploads\/2025\/11\/DSC_4722-1367x2048.jpg 1367w, http:\/\/mc-fotodekor.hu\/wp-content\/uploads\/2025\/11\/DSC_4722-scaled.jpg 1708w\" sizes=\"auto, (max-width: 683px) 100vw, 683px\" \/><\/figure>\n\n\n\n<figure class=\"wp-block-image aligncenter size-large\"><img loading=\"lazy\" decoding=\"async\" width=\"683\" height=\"1024\" src=\"http:\/\/mc-fotodekor.hu\/wp-content\/uploads\/2025\/11\/DSC_4729-683x1024.jpg\" alt=\"\" class=\"wp-image-1387\" srcset=\"http:\/\/mc-fotodekor.hu\/wp-content\/uploads\/2025\/11\/DSC_4729-683x1024.jpg 683w, http:\/\/mc-fotodekor.hu\/wp-content\/uploads\/2025\/11\/DSC_4729-200x300.jpg 200w, http:\/\/mc-fotodekor.hu\/wp-content\/uploads\/2025\/11\/DSC_4729-768x1151.jpg 768w, http:\/\/mc-fotodekor.hu\/wp-content\/uploads\/2025\/11\/DSC_4729-1025x1536.jpg 1025w, http:\/\/mc-fotodekor.hu\/wp-content\/uploads\/2025\/11\/DSC_4729-1367x2048.jpg 1367w, http:\/\/mc-fotodekor.hu\/wp-content\/uploads\/2025\/11\/DSC_4729-scaled.jpg 1708w\" sizes=\"auto, (max-width: 683px) 100vw, 683px\" \/><\/figure>\n\n\n\n<figure class=\"wp-block-image aligncenter size-large\"><img loading=\"lazy\" decoding=\"async\" width=\"683\" height=\"1024\" src=\"http:\/\/mc-fotodekor.hu\/wp-content\/uploads\/2025\/11\/DSC_4733-683x1024.jpg\" alt=\"\" class=\"wp-image-1389\" srcset=\"http:\/\/mc-fotodekor.hu\/wp-content\/uploads\/2025\/11\/DSC_4733-683x1024.jpg 683w, http:\/\/mc-fotodekor.hu\/wp-content\/uploads\/2025\/11\/DSC_4733-200x300.jpg 200w, http:\/\/mc-fotodekor.hu\/wp-content\/uploads\/2025\/11\/DSC_4733-768x1151.jpg 768w, http:\/\/mc-fotodekor.hu\/wp-content\/uploads\/2025\/11\/DSC_4733-1025x1536.jpg 1025w, http:\/\/mc-fotodekor.hu\/wp-content\/uploads\/2025\/11\/DSC_4733-1367x2048.jpg 1367w, http:\/\/mc-fotodekor.hu\/wp-content\/uploads\/2025\/11\/DSC_4733-scaled.jpg 1708w\" sizes=\"auto, (max-width: 683px) 100vw, 683px\" \/><\/figure>\n\n\n\n<figure class=\"wp-block-image aligncenter size-large\"><img loading=\"lazy\" decoding=\"async\" width=\"683\" height=\"1024\" src=\"http:\/\/mc-fotodekor.hu\/wp-content\/uploads\/2025\/11\/DSC_4735-683x1024.jpg\" alt=\"\" class=\"wp-image-1388\" srcset=\"http:\/\/mc-fotodekor.hu\/wp-content\/uploads\/2025\/11\/DSC_4735-683x1024.jpg 683w, http:\/\/mc-fotodekor.hu\/wp-content\/uploads\/2025\/11\/DSC_4735-200x300.jpg 200w, http:\/\/mc-fotodekor.hu\/wp-content\/uploads\/2025\/11\/DSC_4735-768x1151.jpg 768w, http:\/\/mc-fotodekor.hu\/wp-content\/uploads\/2025\/11\/DSC_4735-1025x1536.jpg 1025w, http:\/\/mc-fotodekor.hu\/wp-content\/uploads\/2025\/11\/DSC_4735-1367x2048.jpg 1367w, http:\/\/mc-fotodekor.hu\/wp-content\/uploads\/2025\/11\/DSC_4735-scaled.jpg 1708w\" sizes=\"auto, (max-width: 683px) 100vw, 683px\" \/><\/figure>\n\n\n\n<figure class=\"wp-block-image aligncenter size-large\"><img loading=\"lazy\" decoding=\"async\" width=\"683\" height=\"1024\" src=\"http:\/\/mc-fotodekor.hu\/wp-content\/uploads\/2025\/11\/DSC_4742-683x1024.jpg\" alt=\"\" class=\"wp-image-1385\" srcset=\"http:\/\/mc-fotodekor.hu\/wp-content\/uploads\/2025\/11\/DSC_4742-683x1024.jpg 683w, http:\/\/mc-fotodekor.hu\/wp-content\/uploads\/2025\/11\/DSC_4742-200x300.jpg 200w, http:\/\/mc-fotodekor.hu\/wp-content\/uploads\/2025\/11\/DSC_4742-768x1151.jpg 768w, http:\/\/mc-fotodekor.hu\/wp-content\/uploads\/2025\/11\/DSC_4742-1025x1536.jpg 1025w, http:\/\/mc-fotodekor.hu\/wp-content\/uploads\/2025\/11\/DSC_4742-1367x2048.jpg 1367w, http:\/\/mc-fotodekor.hu\/wp-content\/uploads\/2025\/11\/DSC_4742-scaled.jpg 1708w\" sizes=\"auto, (max-width: 683px) 100vw, 683px\" \/><\/figure>\n\n\n\n<figure class=\"wp-block-image aligncenter size-large\"><img loading=\"lazy\" decoding=\"async\" width=\"1024\" height=\"683\" src=\"http:\/\/mc-fotodekor.hu\/wp-content\/uploads\/2025\/11\/DSC_4744-1024x683.jpg\" alt=\"\" class=\"wp-image-1384\" srcset=\"http:\/\/mc-fotodekor.hu\/wp-content\/uploads\/2025\/11\/DSC_4744-1024x683.jpg 1024w, http:\/\/mc-fotodekor.hu\/wp-content\/uploads\/2025\/11\/DSC_4744-300x200.jpg 300w, http:\/\/mc-fotodekor.hu\/wp-content\/uploads\/2025\/11\/DSC_4744-768x512.jpg 768w, http:\/\/mc-fotodekor.hu\/wp-content\/uploads\/2025\/11\/DSC_4744-1536x1025.jpg 1536w, http:\/\/mc-fotodekor.hu\/wp-content\/uploads\/2025\/11\/DSC_4744-2048x1367.jpg 2048w\" sizes=\"auto, (max-width: 1024px) 100vw, 1024px\" \/><\/figure>\n<\/div>\n<\/div>\n\n\n\n<p class=\"has-vivid-cyan-blue-color has-text-color has-link-color has-x-large-font-size wp-elements-7cb5980e4b0f5502eeeebf3677cbe014\"><a href=\"http:\/\/mc-fotodekor.hu\/?p=57\"><strong>Vissza az el\u0151z\u0151re<\/strong><\/a><\/p>\n","protected":false},"excerpt":{"rendered":"<p>Vissza az el\u0151z\u0151re Vissza az el\u0151z\u0151re<\/p>\n","protected":false},"author":1,"featured_media":0,"parent":0,"menu_order":0,"comment_status":"closed","ping_status":"closed","template":"","meta":{"footnotes":""},"class_list":["post-1383","page","type-page","status-publish","hentry"],"_links":{"self":[{"href":"http:\/\/mc-fotodekor.hu\/index.php?rest_route=\/wp\/v2\/pages\/1383","targetHints":{"allow":["GET"]}}],"collection":[{"href":"http:\/\/mc-fotodekor.hu\/index.php?rest_route=\/wp\/v2\/pages"}],"about":[{"href":"http:\/\/mc-fotodekor.hu\/index.php?rest_route=\/wp\/v2\/types\/page"}],"author":[{"embeddable":true,"href":"http:\/\/mc-fotodekor.hu\/index.php?rest_route=\/wp\/v2\/users\/1"}],"replies":[{"embeddable":true,"href":"http:\/\/mc-fotodekor.hu\/index.php?rest_route=%2Fwp%2Fv2%2Fcomments&post=1383"}],"version-history":[{"count":2,"href":"http:\/\/mc-fotodekor.hu\/index.php?rest_route=\/wp\/v2\/pages\/1383\/revisions"}],"predecessor-version":[{"id":1399,"href":"http:\/\/mc-fotodekor.hu\/index.php?rest_route=\/wp\/v2\/pages\/1383\/revisions\/1399"}],"wp:attachment":[{"href":"http:\/\/mc-fotodekor.hu\/index.php?rest_route=%2Fwp%2Fv2%2Fmedia&parent=1383"}],"curies":[{"name":"wp","href":"https:\/\/api.w.org\/{rel}","templated":true}]}}