{"id":1442,"date":"2025-12-08T17:35:45","date_gmt":"2025-12-08T17:35:45","guid":{"rendered":"http:\/\/mc-fotodekor.hu\/?page_id=1442"},"modified":"2025-12-08T18:00:47","modified_gmt":"2025-12-08T18:00:47","slug":"kis-karacsonyi","status":"publish","type":"page","link":"http:\/\/mc-fotodekor.hu\/?page_id=1442","title":{"rendered":"Kis kar\u00e1csonyi"},"content":{"rendered":"\n<p class=\"has-vivid-cyan-blue-color has-text-color has-link-color has-large-font-size wp-elements-66a38ddd1adc40e69bcbc33e9827a9f3\"><a href=\"http:\/\/mc-fotodekor.hu\/?p=57\"><strong>Vissza az el\u0151z\u0151re<\/strong><\/a><\/p>\n\n\n\n<figure class=\"wp-block-image size-large\"><img loading=\"lazy\" decoding=\"async\" width=\"1024\" height=\"681\" src=\"http:\/\/mc-fotodekor.hu\/wp-content\/uploads\/2025\/12\/DSC_5365-v-1024x681.jpg\" alt=\"\" class=\"wp-image-1443\" srcset=\"http:\/\/mc-fotodekor.hu\/wp-content\/uploads\/2025\/12\/DSC_5365-v-1024x681.jpg 1024w, http:\/\/mc-fotodekor.hu\/wp-content\/uploads\/2025\/12\/DSC_5365-v-300x200.jpg 300w, http:\/\/mc-fotodekor.hu\/wp-content\/uploads\/2025\/12\/DSC_5365-v-768x511.jpg 768w, http:\/\/mc-fotodekor.hu\/wp-content\/uploads\/2025\/12\/DSC_5365-v-1536x1022.jpg 1536w, http:\/\/mc-fotodekor.hu\/wp-content\/uploads\/2025\/12\/DSC_5365-v-2048x1363.jpg 2048w\" sizes=\"auto, (max-width: 1024px) 100vw, 1024px\" \/><\/figure>\n\n\n\n<figure class=\"wp-block-image size-large\"><img loading=\"lazy\" decoding=\"async\" width=\"1024\" height=\"683\" src=\"http:\/\/mc-fotodekor.hu\/wp-content\/uploads\/2025\/12\/DSC_5373-v-1024x683.jpg\" alt=\"\" class=\"wp-image-1447\" srcset=\"http:\/\/mc-fotodekor.hu\/wp-content\/uploads\/2025\/12\/DSC_5373-v-1024x683.jpg 1024w, http:\/\/mc-fotodekor.hu\/wp-content\/uploads\/2025\/12\/DSC_5373-v-300x200.jpg 300w, http:\/\/mc-fotodekor.hu\/wp-content\/uploads\/2025\/12\/DSC_5373-v-768x513.jpg 768w, http:\/\/mc-fotodekor.hu\/wp-content\/uploads\/2025\/12\/DSC_5373-v-1536x1025.jpg 1536w, http:\/\/mc-fotodekor.hu\/wp-content\/uploads\/2025\/12\/DSC_5373-v-2048x1367.jpg 2048w\" sizes=\"auto, (max-width: 1024px) 100vw, 1024px\" \/><\/figure>\n\n\n\n<figure class=\"wp-block-image size-large\"><img loading=\"lazy\" decoding=\"async\" width=\"1024\" height=\"681\" src=\"http:\/\/mc-fotodekor.hu\/wp-content\/uploads\/2025\/12\/DSC_5378-v-1024x681.jpg\" alt=\"\" class=\"wp-image-1444\" srcset=\"http:\/\/mc-fotodekor.hu\/wp-content\/uploads\/2025\/12\/DSC_5378-v-1024x681.jpg 1024w, http:\/\/mc-fotodekor.hu\/wp-content\/uploads\/2025\/12\/DSC_5378-v-300x199.jpg 300w, http:\/\/mc-fotodekor.hu\/wp-content\/uploads\/2025\/12\/DSC_5378-v-768x510.jpg 768w, http:\/\/mc-fotodekor.hu\/wp-content\/uploads\/2025\/12\/DSC_5378-v-1536x1021.jpg 1536w, http:\/\/mc-fotodekor.hu\/wp-content\/uploads\/2025\/12\/DSC_5378-v-2048x1361.jpg 2048w\" sizes=\"auto, (max-width: 1024px) 100vw, 1024px\" \/><\/figure>\n\n\n\n<figure class=\"wp-block-image size-large\"><img loading=\"lazy\" decoding=\"async\" width=\"1024\" height=\"683\" src=\"http:\/\/mc-fotodekor.hu\/wp-content\/uploads\/2025\/12\/DSC_5385-v-1024x683.jpg\" alt=\"\" class=\"wp-image-1446\" srcset=\"http:\/\/mc-fotodekor.hu\/wp-content\/uploads\/2025\/12\/DSC_5385-v-1024x683.jpg 1024w, http:\/\/mc-fotodekor.hu\/wp-content\/uploads\/2025\/12\/DSC_5385-v-300x200.jpg 300w, http:\/\/mc-fotodekor.hu\/wp-content\/uploads\/2025\/12\/DSC_5385-v-768x512.jpg 768w, http:\/\/mc-fotodekor.hu\/wp-content\/uploads\/2025\/12\/DSC_5385-v-1536x1025.jpg 1536w, http:\/\/mc-fotodekor.hu\/wp-content\/uploads\/2025\/12\/DSC_5385-v-2048x1366.jpg 2048w\" sizes=\"auto, (max-width: 1024px) 100vw, 1024px\" \/><\/figure>\n\n\n\n<figure class=\"wp-block-image size-large\"><img loading=\"lazy\" decoding=\"async\" width=\"1024\" height=\"683\" src=\"http:\/\/mc-fotodekor.hu\/wp-content\/uploads\/2025\/12\/DSC_5390-v-1024x683.jpg\" alt=\"\" class=\"wp-image-1445\" srcset=\"http:\/\/mc-fotodekor.hu\/wp-content\/uploads\/2025\/12\/DSC_5390-v-1024x683.jpg 1024w, http:\/\/mc-fotodekor.hu\/wp-content\/uploads\/2025\/12\/DSC_5390-v-300x200.jpg 300w, http:\/\/mc-fotodekor.hu\/wp-content\/uploads\/2025\/12\/DSC_5390-v-768x512.jpg 768w, http:\/\/mc-fotodekor.hu\/wp-content\/uploads\/2025\/12\/DSC_5390-v-1536x1025.jpg 1536w, http:\/\/mc-fotodekor.hu\/wp-content\/uploads\/2025\/12\/DSC_5390-v-2048x1366.jpg 2048w\" sizes=\"auto, (max-width: 1024px) 100vw, 1024px\" \/><\/figure>\n\n\n\n<p class=\"has-vivid-cyan-blue-color has-text-color has-link-color has-x-large-font-size wp-elements-7cb5980e4b0f5502eeeebf3677cbe014\"><a href=\"http:\/\/mc-fotodekor.hu\/?p=57\"><strong>Vissza az el\u0151z\u0151re<\/strong><\/a><\/p>\n","protected":false},"excerpt":{"rendered":"<p>Vissza az el\u0151z\u0151re Vissza az el\u0151z\u0151re<\/p>\n","protected":false},"author":1,"featured_media":0,"parent":0,"menu_order":0,"comment_status":"closed","ping_status":"closed","template":"","meta":{"footnotes":""},"class_list":["post-1442","page","type-page","status-publish","hentry"],"_links":{"self":[{"href":"http:\/\/mc-fotodekor.hu\/index.php?rest_route=\/wp\/v2\/pages\/1442","targetHints":{"allow":["GET"]}}],"collection":[{"href":"http:\/\/mc-fotodekor.hu\/index.php?rest_route=\/wp\/v2\/pages"}],"about":[{"href":"http:\/\/mc-fotodekor.hu\/index.php?rest_route=\/wp\/v2\/types\/page"}],"author":[{"embeddable":true,"href":"http:\/\/mc-fotodekor.hu\/index.php?rest_route=\/wp\/v2\/users\/1"}],"replies":[{"embeddable":true,"href":"http:\/\/mc-fotodekor.hu\/index.php?rest_route=%2Fwp%2Fv2%2Fcomments&post=1442"}],"version-history":[{"count":5,"href":"http:\/\/mc-fotodekor.hu\/index.php?rest_route=\/wp\/v2\/pages\/1442\/revisions"}],"predecessor-version":[{"id":1458,"href":"http:\/\/mc-fotodekor.hu\/index.php?rest_route=\/wp\/v2\/pages\/1442\/revisions\/1458"}],"wp:attachment":[{"href":"http:\/\/mc-fotodekor.hu\/index.php?rest_route=%2Fwp%2Fv2%2Fmedia&parent=1442"}],"curies":[{"name":"wp","href":"https:\/\/api.w.org\/{rel}","templated":true}]}}