{"id":1518,"date":"2026-01-11T08:32:06","date_gmt":"2026-01-11T08:32:06","guid":{"rendered":"http:\/\/mc-fotodekor.hu\/?page_id=1518"},"modified":"2026-01-11T08:39:50","modified_gmt":"2026-01-11T08:39:50","slug":"teli-havas","status":"publish","type":"page","link":"http:\/\/mc-fotodekor.hu\/?page_id=1518","title":{"rendered":"T\u00e9li havas"},"content":{"rendered":"\n<p class=\"has-large-font-size\"><a href=\"http:\/\/mc-fotodekor.hu\/?p=57\">Vissza az el\u0151z\u0151 oldalra<\/a><\/p>\n\n\n\n<figure class=\"wp-block-image size-large\"><img loading=\"lazy\" decoding=\"async\" width=\"1024\" height=\"683\" src=\"http:\/\/mc-fotodekor.hu\/wp-content\/uploads\/2026\/01\/DSC_6802-1024x683.jpg\" alt=\"\" class=\"wp-image-1519\" srcset=\"http:\/\/mc-fotodekor.hu\/wp-content\/uploads\/2026\/01\/DSC_6802-1024x683.jpg 1024w, http:\/\/mc-fotodekor.hu\/wp-content\/uploads\/2026\/01\/DSC_6802-300x200.jpg 300w, http:\/\/mc-fotodekor.hu\/wp-content\/uploads\/2026\/01\/DSC_6802-768x512.jpg 768w, http:\/\/mc-fotodekor.hu\/wp-content\/uploads\/2026\/01\/DSC_6802-1536x1024.jpg 1536w, http:\/\/mc-fotodekor.hu\/wp-content\/uploads\/2026\/01\/DSC_6802-2048x1365.jpg 2048w\" sizes=\"auto, (max-width: 1024px) 100vw, 1024px\" \/><\/figure>\n\n\n\n<figure class=\"wp-block-image size-large\"><img loading=\"lazy\" decoding=\"async\" width=\"1024\" height=\"683\" src=\"http:\/\/mc-fotodekor.hu\/wp-content\/uploads\/2026\/01\/DSC_6813-1024x683.jpg\" alt=\"\" class=\"wp-image-1520\" srcset=\"http:\/\/mc-fotodekor.hu\/wp-content\/uploads\/2026\/01\/DSC_6813-1024x683.jpg 1024w, http:\/\/mc-fotodekor.hu\/wp-content\/uploads\/2026\/01\/DSC_6813-300x200.jpg 300w, http:\/\/mc-fotodekor.hu\/wp-content\/uploads\/2026\/01\/DSC_6813-768x512.jpg 768w, http:\/\/mc-fotodekor.hu\/wp-content\/uploads\/2026\/01\/DSC_6813-1536x1024.jpg 1536w, http:\/\/mc-fotodekor.hu\/wp-content\/uploads\/2026\/01\/DSC_6813-2048x1365.jpg 2048w\" sizes=\"auto, (max-width: 1024px) 100vw, 1024px\" \/><\/figure>\n\n\n\n<figure class=\"wp-block-image size-large\"><img loading=\"lazy\" decoding=\"async\" width=\"1024\" height=\"683\" src=\"http:\/\/mc-fotodekor.hu\/wp-content\/uploads\/2026\/01\/DSC_6889-1024x683.jpg\" alt=\"\" class=\"wp-image-1521\" srcset=\"http:\/\/mc-fotodekor.hu\/wp-content\/uploads\/2026\/01\/DSC_6889-1024x683.jpg 1024w, http:\/\/mc-fotodekor.hu\/wp-content\/uploads\/2026\/01\/DSC_6889-300x200.jpg 300w, http:\/\/mc-fotodekor.hu\/wp-content\/uploads\/2026\/01\/DSC_6889-768x512.jpg 768w, http:\/\/mc-fotodekor.hu\/wp-content\/uploads\/2026\/01\/DSC_6889-1536x1024.jpg 1536w, http:\/\/mc-fotodekor.hu\/wp-content\/uploads\/2026\/01\/DSC_6889-2048x1365.jpg 2048w\" sizes=\"auto, (max-width: 1024px) 100vw, 1024px\" \/><\/figure>\n\n\n\n<figure class=\"wp-block-image size-large\"><img loading=\"lazy\" decoding=\"async\" width=\"1024\" height=\"683\" src=\"http:\/\/mc-fotodekor.hu\/wp-content\/uploads\/2026\/01\/DSC_6855-1024x683.jpg\" alt=\"\" class=\"wp-image-1522\" srcset=\"http:\/\/mc-fotodekor.hu\/wp-content\/uploads\/2026\/01\/DSC_6855-1024x683.jpg 1024w, http:\/\/mc-fotodekor.hu\/wp-content\/uploads\/2026\/01\/DSC_6855-300x200.jpg 300w, http:\/\/mc-fotodekor.hu\/wp-content\/uploads\/2026\/01\/DSC_6855-768x512.jpg 768w, http:\/\/mc-fotodekor.hu\/wp-content\/uploads\/2026\/01\/DSC_6855-1536x1024.jpg 1536w, http:\/\/mc-fotodekor.hu\/wp-content\/uploads\/2026\/01\/DSC_6855-2048x1365.jpg 2048w\" sizes=\"auto, (max-width: 1024px) 100vw, 1024px\" \/><\/figure>\n\n\n\n<figure class=\"wp-block-image size-large\"><img loading=\"lazy\" decoding=\"async\" width=\"1024\" height=\"683\" src=\"http:\/\/mc-fotodekor.hu\/wp-content\/uploads\/2026\/01\/DSC_6826-1024x683.jpg\" alt=\"\" class=\"wp-image-1524\" srcset=\"http:\/\/mc-fotodekor.hu\/wp-content\/uploads\/2026\/01\/DSC_6826-1024x683.jpg 1024w, http:\/\/mc-fotodekor.hu\/wp-content\/uploads\/2026\/01\/DSC_6826-300x200.jpg 300w, http:\/\/mc-fotodekor.hu\/wp-content\/uploads\/2026\/01\/DSC_6826-768x512.jpg 768w, http:\/\/mc-fotodekor.hu\/wp-content\/uploads\/2026\/01\/DSC_6826-1536x1024.jpg 1536w, http:\/\/mc-fotodekor.hu\/wp-content\/uploads\/2026\/01\/DSC_6826-2048x1365.jpg 2048w\" sizes=\"auto, (max-width: 1024px) 100vw, 1024px\" \/><\/figure>\n\n\n\n<figure class=\"wp-block-image size-large\"><img loading=\"lazy\" decoding=\"async\" width=\"1024\" height=\"683\" src=\"http:\/\/mc-fotodekor.hu\/wp-content\/uploads\/2026\/01\/DSC_6833-1024x683.jpg\" alt=\"\" class=\"wp-image-1523\" srcset=\"http:\/\/mc-fotodekor.hu\/wp-content\/uploads\/2026\/01\/DSC_6833-1024x683.jpg 1024w, http:\/\/mc-fotodekor.hu\/wp-content\/uploads\/2026\/01\/DSC_6833-300x200.jpg 300w, http:\/\/mc-fotodekor.hu\/wp-content\/uploads\/2026\/01\/DSC_6833-768x512.jpg 768w, http:\/\/mc-fotodekor.hu\/wp-content\/uploads\/2026\/01\/DSC_6833-1536x1024.jpg 1536w, http:\/\/mc-fotodekor.hu\/wp-content\/uploads\/2026\/01\/DSC_6833-2048x1365.jpg 2048w\" sizes=\"auto, (max-width: 1024px) 100vw, 1024px\" \/><\/figure>\n\n\n\n<p class=\"has-large-font-size\"><a href=\"http:\/\/mc-fotodekor.hu\/?p=57\">Vissza az el\u0151z\u0151 oldalra<\/a><\/p>\n\n\n\n<p><\/p>\n","protected":false},"excerpt":{"rendered":"<p>Vissza az el\u0151z\u0151 oldalra Vissza az el\u0151z\u0151 oldalra<\/p>\n","protected":false},"author":1,"featured_media":0,"parent":0,"menu_order":0,"comment_status":"closed","ping_status":"closed","template":"","meta":{"footnotes":""},"class_list":["post-1518","page","type-page","status-publish","hentry"],"_links":{"self":[{"href":"http:\/\/mc-fotodekor.hu\/index.php?rest_route=\/wp\/v2\/pages\/1518","targetHints":{"allow":["GET"]}}],"collection":[{"href":"http:\/\/mc-fotodekor.hu\/index.php?rest_route=\/wp\/v2\/pages"}],"about":[{"href":"http:\/\/mc-fotodekor.hu\/index.php?rest_route=\/wp\/v2\/types\/page"}],"author":[{"embeddable":true,"href":"http:\/\/mc-fotodekor.hu\/index.php?rest_route=\/wp\/v2\/users\/1"}],"replies":[{"embeddable":true,"href":"http:\/\/mc-fotodekor.hu\/index.php?rest_route=%2Fwp%2Fv2%2Fcomments&post=1518"}],"version-history":[{"count":3,"href":"http:\/\/mc-fotodekor.hu\/index.php?rest_route=\/wp\/v2\/pages\/1518\/revisions"}],"predecessor-version":[{"id":1529,"href":"http:\/\/mc-fotodekor.hu\/index.php?rest_route=\/wp\/v2\/pages\/1518\/revisions\/1529"}],"wp:attachment":[{"href":"http:\/\/mc-fotodekor.hu\/index.php?rest_route=%2Fwp%2Fv2%2Fmedia&parent=1518"}],"curies":[{"name":"wp","href":"https:\/\/api.w.org\/{rel}","templated":true}]}}