{"id":737,"date":"2023-03-05T12:27:55","date_gmt":"2023-03-05T12:27:55","guid":{"rendered":"http:\/\/mc-fotodekor.hu\/?page_id=737"},"modified":"2025-12-26T19:28:45","modified_gmt":"2025-12-26T19:28:45","slug":"tovabbi-sablonok-es-onallo-naptar-minta","status":"publish","type":"page","link":"http:\/\/mc-fotodekor.hu\/?page_id=737","title":{"rendered":"Tov\u00e1bbi sablonok \u00e9s \u00f6n\u00e1ll\u00f3 napt\u00e1r minta"},"content":{"rendered":"\n<p class=\"has-text-color has-large-font-size\" style=\"color:#7f2020\">H\u00e1tt\u00e9r mint\u00e1k ami mag\u00e1ban is napt\u00e1r:<\/p>\n\n\n\n<p>ez b\u00e1rmilyen h\u00e1tt\u00e9r lehet ami nem ig\u00e9nyel szerkeszt\u00e9st ,\u00e9s a form\u00e1tumba beillesztet\u0151<\/p>\n\n\n\n<p>\u00c9s m\u00e9g sok minden m\u00e1s , persze a felsorol\u00e1s a teljess\u00e9g ig\u00e9nye n\u00e9lk\u00fcl k\u00e9sz\u00fclt , de ig\u00e9ny szerint b\u0151v\u00edthetj\u00fck az illusztr\u00e1ci\u00f3kat.<\/p>\n\n\n\n<figure class=\"wp-block-image aligncenter size-large\"><img loading=\"lazy\" decoding=\"async\" width=\"724\" height=\"1024\" src=\"http:\/\/mc-fotodekor.hu\/wp-content\/uploads\/2025\/12\/1-1-724x1024.jpg\" alt=\"\" class=\"wp-image-1487\" srcset=\"http:\/\/mc-fotodekor.hu\/wp-content\/uploads\/2025\/12\/1-1-724x1024.jpg 724w, http:\/\/mc-fotodekor.hu\/wp-content\/uploads\/2025\/12\/1-1-212x300.jpg 212w, http:\/\/mc-fotodekor.hu\/wp-content\/uploads\/2025\/12\/1-1-768x1086.jpg 768w, http:\/\/mc-fotodekor.hu\/wp-content\/uploads\/2025\/12\/1-1-1086x1536.jpg 1086w, http:\/\/mc-fotodekor.hu\/wp-content\/uploads\/2025\/12\/1-1-1448x2048.jpg 1448w, http:\/\/mc-fotodekor.hu\/wp-content\/uploads\/2025\/12\/1-1-scaled.jpg 1811w\" sizes=\"auto, (max-width: 724px) 100vw, 724px\" \/><\/figure>\n\n\n\n<figure class=\"wp-block-image aligncenter size-large\"><img loading=\"lazy\" decoding=\"async\" width=\"724\" height=\"1024\" src=\"http:\/\/mc-fotodekor.hu\/wp-content\/uploads\/2025\/12\/2-1-724x1024.jpg\" alt=\"\" class=\"wp-image-1488\" srcset=\"http:\/\/mc-fotodekor.hu\/wp-content\/uploads\/2025\/12\/2-1-724x1024.jpg 724w, http:\/\/mc-fotodekor.hu\/wp-content\/uploads\/2025\/12\/2-1-212x300.jpg 212w, http:\/\/mc-fotodekor.hu\/wp-content\/uploads\/2025\/12\/2-1-768x1086.jpg 768w, http:\/\/mc-fotodekor.hu\/wp-content\/uploads\/2025\/12\/2-1-1086x1536.jpg 1086w, http:\/\/mc-fotodekor.hu\/wp-content\/uploads\/2025\/12\/2-1-1448x2048.jpg 1448w, http:\/\/mc-fotodekor.hu\/wp-content\/uploads\/2025\/12\/2-1-scaled.jpg 1811w\" sizes=\"auto, (max-width: 724px) 100vw, 724px\" \/><\/figure>\n\n\n\n<figure class=\"wp-block-image aligncenter size-large\"><img loading=\"lazy\" decoding=\"async\" width=\"724\" height=\"1024\" src=\"http:\/\/mc-fotodekor.hu\/wp-content\/uploads\/2025\/12\/3-1-724x1024.jpg\" alt=\"\" class=\"wp-image-1489\" srcset=\"http:\/\/mc-fotodekor.hu\/wp-content\/uploads\/2025\/12\/3-1-724x1024.jpg 724w, http:\/\/mc-fotodekor.hu\/wp-content\/uploads\/2025\/12\/3-1-212x300.jpg 212w, http:\/\/mc-fotodekor.hu\/wp-content\/uploads\/2025\/12\/3-1-768x1086.jpg 768w, http:\/\/mc-fotodekor.hu\/wp-content\/uploads\/2025\/12\/3-1-1086x1536.jpg 1086w, http:\/\/mc-fotodekor.hu\/wp-content\/uploads\/2025\/12\/3-1-1448x2048.jpg 1448w, http:\/\/mc-fotodekor.hu\/wp-content\/uploads\/2025\/12\/3-1-scaled.jpg 1811w\" sizes=\"auto, (max-width: 724px) 100vw, 724px\" \/><\/figure>\n\n\n\n<figure class=\"wp-block-image aligncenter size-large\"><img loading=\"lazy\" decoding=\"async\" width=\"724\" height=\"1024\" src=\"http:\/\/mc-fotodekor.hu\/wp-content\/uploads\/2025\/12\/4-1-724x1024.jpg\" alt=\"\" class=\"wp-image-1490\" srcset=\"http:\/\/mc-fotodekor.hu\/wp-content\/uploads\/2025\/12\/4-1-724x1024.jpg 724w, http:\/\/mc-fotodekor.hu\/wp-content\/uploads\/2025\/12\/4-1-212x300.jpg 212w, http:\/\/mc-fotodekor.hu\/wp-content\/uploads\/2025\/12\/4-1-768x1086.jpg 768w, http:\/\/mc-fotodekor.hu\/wp-content\/uploads\/2025\/12\/4-1-1086x1536.jpg 1086w, http:\/\/mc-fotodekor.hu\/wp-content\/uploads\/2025\/12\/4-1-1448x2048.jpg 1448w, http:\/\/mc-fotodekor.hu\/wp-content\/uploads\/2025\/12\/4-1-scaled.jpg 1811w\" sizes=\"auto, (max-width: 724px) 100vw, 724px\" \/><\/figure>\n\n\n\n<figure class=\"wp-block-image aligncenter size-large\"><img loading=\"lazy\" decoding=\"async\" width=\"724\" height=\"1024\" src=\"http:\/\/mc-fotodekor.hu\/wp-content\/uploads\/2025\/12\/5-1-724x1024.jpg\" alt=\"\" class=\"wp-image-1491\" srcset=\"http:\/\/mc-fotodekor.hu\/wp-content\/uploads\/2025\/12\/5-1-724x1024.jpg 724w, http:\/\/mc-fotodekor.hu\/wp-content\/uploads\/2025\/12\/5-1-212x300.jpg 212w, http:\/\/mc-fotodekor.hu\/wp-content\/uploads\/2025\/12\/5-1-768x1086.jpg 768w, http:\/\/mc-fotodekor.hu\/wp-content\/uploads\/2025\/12\/5-1-1086x1536.jpg 1086w, http:\/\/mc-fotodekor.hu\/wp-content\/uploads\/2025\/12\/5-1-1448x2048.jpg 1448w, http:\/\/mc-fotodekor.hu\/wp-content\/uploads\/2025\/12\/5-1-scaled.jpg 1811w\" sizes=\"auto, (max-width: 724px) 100vw, 724px\" \/><\/figure>\n\n\n\n<figure class=\"wp-block-image aligncenter size-large\"><img loading=\"lazy\" decoding=\"async\" width=\"724\" height=\"1024\" src=\"http:\/\/mc-fotodekor.hu\/wp-content\/uploads\/2025\/12\/6-1-724x1024.jpg\" alt=\"\" class=\"wp-image-1492\" srcset=\"http:\/\/mc-fotodekor.hu\/wp-content\/uploads\/2025\/12\/6-1-724x1024.jpg 724w, http:\/\/mc-fotodekor.hu\/wp-content\/uploads\/2025\/12\/6-1-212x300.jpg 212w, http:\/\/mc-fotodekor.hu\/wp-content\/uploads\/2025\/12\/6-1-768x1086.jpg 768w, http:\/\/mc-fotodekor.hu\/wp-content\/uploads\/2025\/12\/6-1-1086x1536.jpg 1086w, http:\/\/mc-fotodekor.hu\/wp-content\/uploads\/2025\/12\/6-1-1448x2048.jpg 1448w, http:\/\/mc-fotodekor.hu\/wp-content\/uploads\/2025\/12\/6-1-scaled.jpg 1811w\" sizes=\"auto, (max-width: 724px) 100vw, 724px\" \/><\/figure>\n\n\n\n<figure class=\"wp-block-image aligncenter size-large\"><img loading=\"lazy\" decoding=\"async\" width=\"724\" height=\"1024\" src=\"http:\/\/mc-fotodekor.hu\/wp-content\/uploads\/2025\/12\/7-1-724x1024.jpg\" alt=\"\" class=\"wp-image-1493\" srcset=\"http:\/\/mc-fotodekor.hu\/wp-content\/uploads\/2025\/12\/7-1-724x1024.jpg 724w, http:\/\/mc-fotodekor.hu\/wp-content\/uploads\/2025\/12\/7-1-212x300.jpg 212w, http:\/\/mc-fotodekor.hu\/wp-content\/uploads\/2025\/12\/7-1-768x1086.jpg 768w, http:\/\/mc-fotodekor.hu\/wp-content\/uploads\/2025\/12\/7-1-1086x1536.jpg 1086w, http:\/\/mc-fotodekor.hu\/wp-content\/uploads\/2025\/12\/7-1-1448x2048.jpg 1448w, http:\/\/mc-fotodekor.hu\/wp-content\/uploads\/2025\/12\/7-1-scaled.jpg 1811w\" sizes=\"auto, (max-width: 724px) 100vw, 724px\" \/><\/figure>\n\n\n\n<figure class=\"wp-block-image aligncenter size-large\"><img loading=\"lazy\" decoding=\"async\" width=\"724\" height=\"1024\" src=\"http:\/\/mc-fotodekor.hu\/wp-content\/uploads\/2025\/12\/8-1-724x1024.jpg\" alt=\"\" class=\"wp-image-1494\" srcset=\"http:\/\/mc-fotodekor.hu\/wp-content\/uploads\/2025\/12\/8-1-724x1024.jpg 724w, http:\/\/mc-fotodekor.hu\/wp-content\/uploads\/2025\/12\/8-1-212x300.jpg 212w, http:\/\/mc-fotodekor.hu\/wp-content\/uploads\/2025\/12\/8-1-768x1086.jpg 768w, http:\/\/mc-fotodekor.hu\/wp-content\/uploads\/2025\/12\/8-1-1086x1536.jpg 1086w, http:\/\/mc-fotodekor.hu\/wp-content\/uploads\/2025\/12\/8-1-1448x2048.jpg 1448w, http:\/\/mc-fotodekor.hu\/wp-content\/uploads\/2025\/12\/8-1-scaled.jpg 1811w\" sizes=\"auto, (max-width: 724px) 100vw, 724px\" \/><\/figure>\n\n\n\n<figure class=\"wp-block-image aligncenter size-large\"><img loading=\"lazy\" decoding=\"async\" width=\"724\" height=\"1024\" src=\"http:\/\/mc-fotodekor.hu\/wp-content\/uploads\/2025\/12\/9-1-724x1024.jpg\" alt=\"\" class=\"wp-image-1495\" srcset=\"http:\/\/mc-fotodekor.hu\/wp-content\/uploads\/2025\/12\/9-1-724x1024.jpg 724w, http:\/\/mc-fotodekor.hu\/wp-content\/uploads\/2025\/12\/9-1-212x300.jpg 212w, http:\/\/mc-fotodekor.hu\/wp-content\/uploads\/2025\/12\/9-1-768x1086.jpg 768w, http:\/\/mc-fotodekor.hu\/wp-content\/uploads\/2025\/12\/9-1-1086x1536.jpg 1086w, http:\/\/mc-fotodekor.hu\/wp-content\/uploads\/2025\/12\/9-1-1448x2048.jpg 1448w, http:\/\/mc-fotodekor.hu\/wp-content\/uploads\/2025\/12\/9-1-scaled.jpg 1811w\" sizes=\"auto, (max-width: 724px) 100vw, 724px\" \/><\/figure>\n\n\n\n<figure class=\"wp-block-image aligncenter size-large\"><img loading=\"lazy\" decoding=\"async\" width=\"724\" height=\"1024\" src=\"http:\/\/mc-fotodekor.hu\/wp-content\/uploads\/2025\/12\/10-1-724x1024.jpg\" alt=\"\" class=\"wp-image-1496\" srcset=\"http:\/\/mc-fotodekor.hu\/wp-content\/uploads\/2025\/12\/10-1-724x1024.jpg 724w, http:\/\/mc-fotodekor.hu\/wp-content\/uploads\/2025\/12\/10-1-212x300.jpg 212w, http:\/\/mc-fotodekor.hu\/wp-content\/uploads\/2025\/12\/10-1-768x1086.jpg 768w, http:\/\/mc-fotodekor.hu\/wp-content\/uploads\/2025\/12\/10-1-1086x1536.jpg 1086w, http:\/\/mc-fotodekor.hu\/wp-content\/uploads\/2025\/12\/10-1-1448x2048.jpg 1448w, http:\/\/mc-fotodekor.hu\/wp-content\/uploads\/2025\/12\/10-1-scaled.jpg 1811w\" sizes=\"auto, (max-width: 724px) 100vw, 724px\" \/><\/figure>\n\n\n\n<figure class=\"wp-block-image aligncenter size-large\"><img loading=\"lazy\" decoding=\"async\" width=\"724\" height=\"1024\" src=\"http:\/\/mc-fotodekor.hu\/wp-content\/uploads\/2025\/12\/11-1-724x1024.jpg\" alt=\"\" class=\"wp-image-1497\" srcset=\"http:\/\/mc-fotodekor.hu\/wp-content\/uploads\/2025\/12\/11-1-724x1024.jpg 724w, http:\/\/mc-fotodekor.hu\/wp-content\/uploads\/2025\/12\/11-1-212x300.jpg 212w, http:\/\/mc-fotodekor.hu\/wp-content\/uploads\/2025\/12\/11-1-768x1086.jpg 768w, http:\/\/mc-fotodekor.hu\/wp-content\/uploads\/2025\/12\/11-1-1086x1536.jpg 1086w, http:\/\/mc-fotodekor.hu\/wp-content\/uploads\/2025\/12\/11-1-1448x2048.jpg 1448w, http:\/\/mc-fotodekor.hu\/wp-content\/uploads\/2025\/12\/11-1-scaled.jpg 1811w\" sizes=\"auto, (max-width: 724px) 100vw, 724px\" \/><\/figure>\n\n\n\n<figure class=\"wp-block-image aligncenter size-large\"><img loading=\"lazy\" decoding=\"async\" width=\"724\" height=\"1024\" src=\"http:\/\/mc-fotodekor.hu\/wp-content\/uploads\/2025\/12\/12-1-724x1024.jpg\" alt=\"\" class=\"wp-image-1498\" srcset=\"http:\/\/mc-fotodekor.hu\/wp-content\/uploads\/2025\/12\/12-1-724x1024.jpg 724w, http:\/\/mc-fotodekor.hu\/wp-content\/uploads\/2025\/12\/12-1-212x300.jpg 212w, http:\/\/mc-fotodekor.hu\/wp-content\/uploads\/2025\/12\/12-1-768x1086.jpg 768w, http:\/\/mc-fotodekor.hu\/wp-content\/uploads\/2025\/12\/12-1-1086x1536.jpg 1086w, http:\/\/mc-fotodekor.hu\/wp-content\/uploads\/2025\/12\/12-1-1448x2048.jpg 1448w, http:\/\/mc-fotodekor.hu\/wp-content\/uploads\/2025\/12\/12-1-scaled.jpg 1811w\" sizes=\"auto, (max-width: 724px) 100vw, 724px\" \/><\/figure>\n\n\n\n<figure class=\"wp-block-image aligncenter size-large\"><img loading=\"lazy\" decoding=\"async\" width=\"724\" height=\"1024\" src=\"http:\/\/mc-fotodekor.hu\/wp-content\/uploads\/2025\/12\/13-1-724x1024.jpg\" alt=\"\" class=\"wp-image-1499\" srcset=\"http:\/\/mc-fotodekor.hu\/wp-content\/uploads\/2025\/12\/13-1-724x1024.jpg 724w, http:\/\/mc-fotodekor.hu\/wp-content\/uploads\/2025\/12\/13-1-212x300.jpg 212w, http:\/\/mc-fotodekor.hu\/wp-content\/uploads\/2025\/12\/13-1-768x1086.jpg 768w, http:\/\/mc-fotodekor.hu\/wp-content\/uploads\/2025\/12\/13-1-1086x1536.jpg 1086w, http:\/\/mc-fotodekor.hu\/wp-content\/uploads\/2025\/12\/13-1-1448x2048.jpg 1448w, http:\/\/mc-fotodekor.hu\/wp-content\/uploads\/2025\/12\/13-1-scaled.jpg 1811w\" sizes=\"auto, (max-width: 724px) 100vw, 724px\" \/><\/figure>\n\n\n\n<figure class=\"wp-block-image aligncenter size-large\"><img loading=\"lazy\" decoding=\"async\" width=\"724\" height=\"1024\" src=\"http:\/\/mc-fotodekor.hu\/wp-content\/uploads\/2025\/12\/14-1-724x1024.jpg\" alt=\"\" class=\"wp-image-1500\" srcset=\"http:\/\/mc-fotodekor.hu\/wp-content\/uploads\/2025\/12\/14-1-724x1024.jpg 724w, http:\/\/mc-fotodekor.hu\/wp-content\/uploads\/2025\/12\/14-1-212x300.jpg 212w, http:\/\/mc-fotodekor.hu\/wp-content\/uploads\/2025\/12\/14-1-768x1086.jpg 768w, http:\/\/mc-fotodekor.hu\/wp-content\/uploads\/2025\/12\/14-1-1086x1536.jpg 1086w, http:\/\/mc-fotodekor.hu\/wp-content\/uploads\/2025\/12\/14-1-1448x2048.jpg 1448w, http:\/\/mc-fotodekor.hu\/wp-content\/uploads\/2025\/12\/14-1-scaled.jpg 1811w\" sizes=\"auto, (max-width: 724px) 100vw, 724px\" \/><\/figure>\n\n\n\n<figure class=\"wp-block-image aligncenter size-large\"><img loading=\"lazy\" decoding=\"async\" width=\"724\" height=\"1024\" src=\"http:\/\/mc-fotodekor.hu\/wp-content\/uploads\/2025\/12\/15-1-724x1024.jpg\" alt=\"\" class=\"wp-image-1501\" srcset=\"http:\/\/mc-fotodekor.hu\/wp-content\/uploads\/2025\/12\/15-1-724x1024.jpg 724w, http:\/\/mc-fotodekor.hu\/wp-content\/uploads\/2025\/12\/15-1-212x300.jpg 212w, http:\/\/mc-fotodekor.hu\/wp-content\/uploads\/2025\/12\/15-1-768x1086.jpg 768w, http:\/\/mc-fotodekor.hu\/wp-content\/uploads\/2025\/12\/15-1-1086x1536.jpg 1086w, http:\/\/mc-fotodekor.hu\/wp-content\/uploads\/2025\/12\/15-1-1448x2048.jpg 1448w, http:\/\/mc-fotodekor.hu\/wp-content\/uploads\/2025\/12\/15-1-scaled.jpg 1811w\" sizes=\"auto, (max-width: 724px) 100vw, 724px\" \/><\/figure>\n\n\n\n<figure class=\"wp-block-image aligncenter size-large\"><img loading=\"lazy\" decoding=\"async\" width=\"724\" height=\"1024\" src=\"http:\/\/mc-fotodekor.hu\/wp-content\/uploads\/2025\/12\/16-1-724x1024.jpg\" alt=\"\" class=\"wp-image-1502\" srcset=\"http:\/\/mc-fotodekor.hu\/wp-content\/uploads\/2025\/12\/16-1-724x1024.jpg 724w, http:\/\/mc-fotodekor.hu\/wp-content\/uploads\/2025\/12\/16-1-212x300.jpg 212w, http:\/\/mc-fotodekor.hu\/wp-content\/uploads\/2025\/12\/16-1-768x1086.jpg 768w, http:\/\/mc-fotodekor.hu\/wp-content\/uploads\/2025\/12\/16-1-1086x1536.jpg 1086w, http:\/\/mc-fotodekor.hu\/wp-content\/uploads\/2025\/12\/16-1-1448x2048.jpg 1448w, http:\/\/mc-fotodekor.hu\/wp-content\/uploads\/2025\/12\/16-1-scaled.jpg 1811w\" sizes=\"auto, (max-width: 724px) 100vw, 724px\" \/><\/figure>\n\n\n\n<figure class=\"wp-block-image aligncenter size-large\"><img loading=\"lazy\" decoding=\"async\" width=\"724\" height=\"1024\" src=\"http:\/\/mc-fotodekor.hu\/wp-content\/uploads\/2025\/12\/17-1-724x1024.jpg\" alt=\"\" class=\"wp-image-1503\" srcset=\"http:\/\/mc-fotodekor.hu\/wp-content\/uploads\/2025\/12\/17-1-724x1024.jpg 724w, http:\/\/mc-fotodekor.hu\/wp-content\/uploads\/2025\/12\/17-1-212x300.jpg 212w, http:\/\/mc-fotodekor.hu\/wp-content\/uploads\/2025\/12\/17-1-768x1086.jpg 768w, http:\/\/mc-fotodekor.hu\/wp-content\/uploads\/2025\/12\/17-1-1086x1536.jpg 1086w, http:\/\/mc-fotodekor.hu\/wp-content\/uploads\/2025\/12\/17-1-1448x2048.jpg 1448w, http:\/\/mc-fotodekor.hu\/wp-content\/uploads\/2025\/12\/17-1-scaled.jpg 1811w\" sizes=\"auto, (max-width: 724px) 100vw, 724px\" \/><\/figure>\n\n\n\n<figure class=\"wp-block-image aligncenter size-large\"><img loading=\"lazy\" decoding=\"async\" width=\"724\" height=\"1024\" src=\"http:\/\/mc-fotodekor.hu\/wp-content\/uploads\/2025\/12\/18-1-724x1024.jpg\" alt=\"\" class=\"wp-image-1504\" srcset=\"http:\/\/mc-fotodekor.hu\/wp-content\/uploads\/2025\/12\/18-1-724x1024.jpg 724w, http:\/\/mc-fotodekor.hu\/wp-content\/uploads\/2025\/12\/18-1-212x300.jpg 212w, http:\/\/mc-fotodekor.hu\/wp-content\/uploads\/2025\/12\/18-1-768x1086.jpg 768w, http:\/\/mc-fotodekor.hu\/wp-content\/uploads\/2025\/12\/18-1-1086x1536.jpg 1086w, http:\/\/mc-fotodekor.hu\/wp-content\/uploads\/2025\/12\/18-1-1448x2048.jpg 1448w, http:\/\/mc-fotodekor.hu\/wp-content\/uploads\/2025\/12\/18-1-scaled.jpg 1811w\" sizes=\"auto, (max-width: 724px) 100vw, 724px\" \/><\/figure>\n\n\n\n<figure class=\"wp-block-image aligncenter size-large\"><img loading=\"lazy\" decoding=\"async\" width=\"724\" height=\"1024\" src=\"http:\/\/mc-fotodekor.hu\/wp-content\/uploads\/2025\/12\/19-1-724x1024.jpg\" alt=\"\" class=\"wp-image-1505\" srcset=\"http:\/\/mc-fotodekor.hu\/wp-content\/uploads\/2025\/12\/19-1-724x1024.jpg 724w, http:\/\/mc-fotodekor.hu\/wp-content\/uploads\/2025\/12\/19-1-212x300.jpg 212w, http:\/\/mc-fotodekor.hu\/wp-content\/uploads\/2025\/12\/19-1-768x1086.jpg 768w, http:\/\/mc-fotodekor.hu\/wp-content\/uploads\/2025\/12\/19-1-1086x1536.jpg 1086w, http:\/\/mc-fotodekor.hu\/wp-content\/uploads\/2025\/12\/19-1-1448x2048.jpg 1448w, http:\/\/mc-fotodekor.hu\/wp-content\/uploads\/2025\/12\/19-1-scaled.jpg 1811w\" sizes=\"auto, (max-width: 724px) 100vw, 724px\" \/><\/figure>\n\n\n\n<figure class=\"wp-block-image aligncenter size-large\"><img loading=\"lazy\" decoding=\"async\" width=\"724\" height=\"1024\" src=\"http:\/\/mc-fotodekor.hu\/wp-content\/uploads\/2025\/12\/20-1-724x1024.jpg\" alt=\"\" class=\"wp-image-1506\" srcset=\"http:\/\/mc-fotodekor.hu\/wp-content\/uploads\/2025\/12\/20-1-724x1024.jpg 724w, http:\/\/mc-fotodekor.hu\/wp-content\/uploads\/2025\/12\/20-1-212x300.jpg 212w, http:\/\/mc-fotodekor.hu\/wp-content\/uploads\/2025\/12\/20-1-768x1086.jpg 768w, http:\/\/mc-fotodekor.hu\/wp-content\/uploads\/2025\/12\/20-1-1086x1536.jpg 1086w, http:\/\/mc-fotodekor.hu\/wp-content\/uploads\/2025\/12\/20-1-1448x2048.jpg 1448w, http:\/\/mc-fotodekor.hu\/wp-content\/uploads\/2025\/12\/20-1-scaled.jpg 1811w\" sizes=\"auto, (max-width: 724px) 100vw, 724px\" \/><\/figure>\n\n\n\n<figure class=\"wp-block-image aligncenter size-large\"><img loading=\"lazy\" decoding=\"async\" width=\"724\" height=\"1024\" src=\"http:\/\/mc-fotodekor.hu\/wp-content\/uploads\/2025\/12\/21-1-724x1024.jpg\" alt=\"\" class=\"wp-image-1507\" srcset=\"http:\/\/mc-fotodekor.hu\/wp-content\/uploads\/2025\/12\/21-1-724x1024.jpg 724w, http:\/\/mc-fotodekor.hu\/wp-content\/uploads\/2025\/12\/21-1-212x300.jpg 212w, http:\/\/mc-fotodekor.hu\/wp-content\/uploads\/2025\/12\/21-1-768x1086.jpg 768w, http:\/\/mc-fotodekor.hu\/wp-content\/uploads\/2025\/12\/21-1-1086x1536.jpg 1086w, http:\/\/mc-fotodekor.hu\/wp-content\/uploads\/2025\/12\/21-1-1448x2048.jpg 1448w, http:\/\/mc-fotodekor.hu\/wp-content\/uploads\/2025\/12\/21-1-scaled.jpg 1811w\" sizes=\"auto, (max-width: 724px) 100vw, 724px\" \/><\/figure>\n\n\n\n<figure class=\"wp-block-image aligncenter size-large\"><img loading=\"lazy\" decoding=\"async\" width=\"724\" height=\"1024\" src=\"http:\/\/mc-fotodekor.hu\/wp-content\/uploads\/2025\/12\/22-1-724x1024.jpg\" alt=\"\" class=\"wp-image-1508\" srcset=\"http:\/\/mc-fotodekor.hu\/wp-content\/uploads\/2025\/12\/22-1-724x1024.jpg 724w, http:\/\/mc-fotodekor.hu\/wp-content\/uploads\/2025\/12\/22-1-212x300.jpg 212w, http:\/\/mc-fotodekor.hu\/wp-content\/uploads\/2025\/12\/22-1-768x1086.jpg 768w, http:\/\/mc-fotodekor.hu\/wp-content\/uploads\/2025\/12\/22-1-1086x1536.jpg 1086w, http:\/\/mc-fotodekor.hu\/wp-content\/uploads\/2025\/12\/22-1-1448x2048.jpg 1448w, http:\/\/mc-fotodekor.hu\/wp-content\/uploads\/2025\/12\/22-1-scaled.jpg 1811w\" sizes=\"auto, (max-width: 724px) 100vw, 724px\" \/><\/figure>\n\n\n\n<figure class=\"wp-block-image aligncenter size-large\"><img loading=\"lazy\" decoding=\"async\" width=\"724\" height=\"1024\" src=\"http:\/\/mc-fotodekor.hu\/wp-content\/uploads\/2025\/12\/23-1-724x1024.jpg\" alt=\"\" class=\"wp-image-1509\" srcset=\"http:\/\/mc-fotodekor.hu\/wp-content\/uploads\/2025\/12\/23-1-724x1024.jpg 724w, http:\/\/mc-fotodekor.hu\/wp-content\/uploads\/2025\/12\/23-1-212x300.jpg 212w, http:\/\/mc-fotodekor.hu\/wp-content\/uploads\/2025\/12\/23-1-768x1086.jpg 768w, http:\/\/mc-fotodekor.hu\/wp-content\/uploads\/2025\/12\/23-1-1086x1536.jpg 1086w, http:\/\/mc-fotodekor.hu\/wp-content\/uploads\/2025\/12\/23-1-1448x2048.jpg 1448w, http:\/\/mc-fotodekor.hu\/wp-content\/uploads\/2025\/12\/23-1-scaled.jpg 1811w\" sizes=\"auto, (max-width: 724px) 100vw, 724px\" \/><\/figure>\n\n\n\n<figure class=\"wp-block-image aligncenter size-large\"><img loading=\"lazy\" decoding=\"async\" width=\"724\" height=\"1024\" src=\"http:\/\/mc-fotodekor.hu\/wp-content\/uploads\/2025\/12\/24-1-724x1024.jpg\" alt=\"\" class=\"wp-image-1510\" srcset=\"http:\/\/mc-fotodekor.hu\/wp-content\/uploads\/2025\/12\/24-1-724x1024.jpg 724w, http:\/\/mc-fotodekor.hu\/wp-content\/uploads\/2025\/12\/24-1-212x300.jpg 212w, http:\/\/mc-fotodekor.hu\/wp-content\/uploads\/2025\/12\/24-1-768x1086.jpg 768w, http:\/\/mc-fotodekor.hu\/wp-content\/uploads\/2025\/12\/24-1-1086x1536.jpg 1086w, http:\/\/mc-fotodekor.hu\/wp-content\/uploads\/2025\/12\/24-1-1448x2048.jpg 1448w, http:\/\/mc-fotodekor.hu\/wp-content\/uploads\/2025\/12\/24-1-scaled.jpg 1811w\" sizes=\"auto, (max-width: 724px) 100vw, 724px\" \/><\/figure>\n\n\n\n<figure class=\"wp-block-image alignright size-large is-resized\"><img loading=\"lazy\" decoding=\"async\" width=\"724\" height=\"1024\" src=\"http:\/\/mc-fotodekor.hu\/wp-content\/uploads\/2023\/12\/augusztusatlatszo-724x1024.jpg\" alt=\"\" class=\"wp-image-880\" style=\"width:0px\" srcset=\"http:\/\/mc-fotodekor.hu\/wp-content\/uploads\/2023\/12\/augusztusatlatszo-724x1024.jpg 724w, http:\/\/mc-fotodekor.hu\/wp-content\/uploads\/2023\/12\/augusztusatlatszo-212x300.jpg 212w, http:\/\/mc-fotodekor.hu\/wp-content\/uploads\/2023\/12\/augusztusatlatszo-768x1086.jpg 768w, http:\/\/mc-fotodekor.hu\/wp-content\/uploads\/2023\/12\/augusztusatlatszo-1086x1536.jpg 1086w, http:\/\/mc-fotodekor.hu\/wp-content\/uploads\/2023\/12\/augusztusatlatszo.jpg 1169w\" sizes=\"auto, (max-width: 724px) 100vw, 724px\" \/><\/figure>\n\n\n\n<p class=\"has-vivid-red-color has-pale-cyan-blue-background-color has-text-color has-background has-link-color has-x-large-font-size wp-elements-99855bd3d23277e2eef5b37140c957c0\"><strong>Kattints az Mc-fotodekkorra a visszat\u00e9r\u00e9shez<\/strong><\/p>\n","protected":false},"excerpt":{"rendered":"<p>H\u00e1tt\u00e9r mint\u00e1k ami mag\u00e1ban is napt\u00e1r: ez b\u00e1rmilyen h\u00e1tt\u00e9r lehet ami nem ig\u00e9nyel szerkeszt\u00e9st ,\u00e9s a form\u00e1tumba beillesztet\u0151 \u00c9s m\u00e9g sok minden m\u00e1s , persze a felsorol\u00e1s a teljess\u00e9g ig\u00e9nye n\u00e9lk\u00fcl k\u00e9sz\u00fclt , de ig\u00e9ny szerint b\u0151v\u00edthetj\u00fck az illusztr\u00e1ci\u00f3kat. Kattints az Mc-fotodekkorra a visszat\u00e9r\u00e9shez<\/p>\n","protected":false},"author":1,"featured_media":0,"parent":0,"menu_order":0,"comment_status":"closed","ping_status":"closed","template":"","meta":{"footnotes":""},"class_list":["post-737","page","type-page","status-publish","hentry"],"_links":{"self":[{"href":"http:\/\/mc-fotodekor.hu\/index.php?rest_route=\/wp\/v2\/pages\/737","targetHints":{"allow":["GET"]}}],"collection":[{"href":"http:\/\/mc-fotodekor.hu\/index.php?rest_route=\/wp\/v2\/pages"}],"about":[{"href":"http:\/\/mc-fotodekor.hu\/index.php?rest_route=\/wp\/v2\/types\/page"}],"author":[{"embeddable":true,"href":"http:\/\/mc-fotodekor.hu\/index.php?rest_route=\/wp\/v2\/users\/1"}],"replies":[{"embeddable":true,"href":"http:\/\/mc-fotodekor.hu\/index.php?rest_route=%2Fwp%2Fv2%2Fcomments&post=737"}],"version-history":[{"count":13,"href":"http:\/\/mc-fotodekor.hu\/index.php?rest_route=\/wp\/v2\/pages\/737\/revisions"}],"predecessor-version":[{"id":1513,"href":"http:\/\/mc-fotodekor.hu\/index.php?rest_route=\/wp\/v2\/pages\/737\/revisions\/1513"}],"wp:attachment":[{"href":"http:\/\/mc-fotodekor.hu\/index.php?rest_route=%2Fwp%2Fv2%2Fmedia&parent=737"}],"curies":[{"name":"wp","href":"https:\/\/api.w.org\/{rel}","templated":true}]}}